{"id":7546,"date":"2024-07-31T07:18:56","date_gmt":"2024-07-31T07:18:56","guid":{"rendered":"https:\/\/tobeit.deideasmarketing.solutions\/?page_id=7546"},"modified":"2025-10-03T07:26:57","modified_gmt":"2025-10-03T07:26:57","slug":"monitoratge-amb-tobecloud","status":"publish","type":"page","link":"https:\/\/tobeit.deideasmarketing.solutions\/ca\/monitoratge-amb-tobecloud\/","title":{"rendered":"ToBeCloud"},"content":{"rendered":"","protected":false},"excerpt":{"rendered":"","protected":false},"author":1,"featured_media":0,"parent":0,"menu_order":0,"comment_status":"closed","ping_status":"closed","template":"templates\/dms-template-new-service.php","meta":{"footnotes":""},"class_list":["post-7546","page","type-page","status-publish","hentry"],"yoast_head":"<!-- This site is optimized with the Yoast SEO plugin v26.0 - https:\/\/yoast.com\/wordpress\/plugins\/seo\/ -->\n<title>ToBeCloud - ToBeIT<\/title>\n<meta name=\"description\" content=\"Detecta problemes abans que afectin el teu negoci amb ToBeCloud, la soluci\u00f3 de monitoratge autom\u00e0tic. Accedeix a la nostra prova gratu\u00efta de 30 dies.\" \/>\n<meta name=\"robots\" content=\"noindex, follow, max-snippet:-1, max-image-preview:large, max-video-preview:-1\" \/>\n<meta property=\"og:locale\" content=\"ca_ES\" \/>\n<meta property=\"og:type\" content=\"article\" \/>\n<meta property=\"og:title\" content=\"ToBeCloud - ToBeIT\" \/>\n<meta property=\"og:description\" content=\"Detecta problemes abans que afectin el teu negoci amb ToBeCloud, la soluci\u00f3 de monitoratge autom\u00e0tic. Accedeix a la nostra prova gratu\u00efta de 30 dies.\" \/>\n<meta property=\"og:url\" content=\"https:\/\/tobeit.deideasmarketing.solutions\/ca\/monitoratge-amb-tobecloud\/\" \/>\n<meta property=\"og:site_name\" content=\"ToBeIT\" \/>\n<meta property=\"article:publisher\" content=\"https:\/\/www.facebook.com\/grupotobeit\" \/>\n<meta property=\"article:modified_time\" content=\"2025-10-03T07:26:57+00:00\" \/>\n<meta name=\"twitter:card\" content=\"summary_large_image\" \/>\n<script type=\"application\/ld+json\" class=\"yoast-schema-graph\">{\"@context\":\"https:\/\/schema.org\",\"@graph\":[{\"@type\":\"WebPage\",\"@id\":\"https:\/\/tobeit.deideasmarketing.solutions\/ca\/monitoratge-amb-tobecloud\/\",\"url\":\"https:\/\/tobeit.deideasmarketing.solutions\/ca\/monitoratge-amb-tobecloud\/\",\"name\":\"ToBeCloud - ToBeIT\",\"isPartOf\":{\"@id\":\"https:\/\/tobeit.deideasmarketing.solutions\/ca\/#website\"},\"datePublished\":\"2024-07-31T07:18:56+00:00\",\"dateModified\":\"2025-10-03T07:26:57+00:00\",\"description\":\"Detecta problemes abans que afectin el teu negoci amb ToBeCloud, la soluci\u00f3 de monitoratge autom\u00e0tic. Accedeix a la nostra prova gratu\u00efta de 30 dies.\",\"breadcrumb\":{\"@id\":\"https:\/\/tobeit.deideasmarketing.solutions\/ca\/monitoratge-amb-tobecloud\/#breadcrumb\"},\"inLanguage\":\"ca\",\"potentialAction\":[{\"@type\":\"ReadAction\",\"target\":[\"https:\/\/tobeit.deideasmarketing.solutions\/ca\/monitoratge-amb-tobecloud\/\"]}]},{\"@type\":\"BreadcrumbList\",\"@id\":\"https:\/\/tobeit.deideasmarketing.solutions\/ca\/monitoratge-amb-tobecloud\/#breadcrumb\",\"itemListElement\":[{\"@type\":\"ListItem\",\"position\":1,\"name\":\"Portada\",\"item\":\"https:\/\/tobeit.deideasmarketing.solutions\/ca\/\"},{\"@type\":\"ListItem\",\"position\":2,\"name\":\"ToBeCloud\"}]},{\"@type\":\"WebSite\",\"@id\":\"https:\/\/tobeit.deideasmarketing.solutions\/ca\/#website\",\"url\":\"https:\/\/tobeit.deideasmarketing.solutions\/ca\/\",\"name\":\"ToBeIT\",\"description\":\"[:es]Servicios de monitorizaci\u00f3n del rendimiento de aplicaciones IT[:en]IT solutions, services and security[:ca]Solucions, serveis i seguretat IT[:]\",\"potentialAction\":[{\"@type\":\"SearchAction\",\"target\":{\"@type\":\"EntryPoint\",\"urlTemplate\":\"https:\/\/tobeit.deideasmarketing.solutions\/ca\/?s={search_term_string}\"},\"query-input\":{\"@type\":\"PropertyValueSpecification\",\"valueRequired\":true,\"valueName\":\"search_term_string\"}}],\"inLanguage\":\"ca\"}]}<\/script>\n<!-- \/ Yoast SEO plugin. -->","yoast_head_json":{"title":"ToBeCloud - ToBeIT","description":"Detecta problemes abans que afectin el teu negoci amb ToBeCloud, la soluci\u00f3 de monitoratge autom\u00e0tic. Accedeix a la nostra prova gratu\u00efta de 30 dies.","robots":{"index":"noindex","follow":"follow","max-snippet":"max-snippet:-1","max-image-preview":"max-image-preview:large","max-video-preview":"max-video-preview:-1"},"og_locale":"ca_ES","og_type":"article","og_title":"ToBeCloud - ToBeIT","og_description":"Detecta problemes abans que afectin el teu negoci amb ToBeCloud, la soluci\u00f3 de monitoratge autom\u00e0tic. Accedeix a la nostra prova gratu\u00efta de 30 dies.","og_url":"https:\/\/tobeit.deideasmarketing.solutions\/ca\/monitoratge-amb-tobecloud\/","og_site_name":"ToBeIT","article_publisher":"https:\/\/www.facebook.com\/grupotobeit","article_modified_time":"2025-10-03T07:26:57+00:00","twitter_card":"summary_large_image","schema":{"@context":"https:\/\/schema.org","@graph":[{"@type":"WebPage","@id":"https:\/\/tobeit.deideasmarketing.solutions\/ca\/monitoratge-amb-tobecloud\/","url":"https:\/\/tobeit.deideasmarketing.solutions\/ca\/monitoratge-amb-tobecloud\/","name":"ToBeCloud - ToBeIT","isPartOf":{"@id":"https:\/\/tobeit.deideasmarketing.solutions\/ca\/#website"},"datePublished":"2024-07-31T07:18:56+00:00","dateModified":"2025-10-03T07:26:57+00:00","description":"Detecta problemes abans que afectin el teu negoci amb ToBeCloud, la soluci\u00f3 de monitoratge autom\u00e0tic. Accedeix a la nostra prova gratu\u00efta de 30 dies.","breadcrumb":{"@id":"https:\/\/tobeit.deideasmarketing.solutions\/ca\/monitoratge-amb-tobecloud\/#breadcrumb"},"inLanguage":"ca","potentialAction":[{"@type":"ReadAction","target":["https:\/\/tobeit.deideasmarketing.solutions\/ca\/monitoratge-amb-tobecloud\/"]}]},{"@type":"BreadcrumbList","@id":"https:\/\/tobeit.deideasmarketing.solutions\/ca\/monitoratge-amb-tobecloud\/#breadcrumb","itemListElement":[{"@type":"ListItem","position":1,"name":"Portada","item":"https:\/\/tobeit.deideasmarketing.solutions\/ca\/"},{"@type":"ListItem","position":2,"name":"ToBeCloud"}]},{"@type":"WebSite","@id":"https:\/\/tobeit.deideasmarketing.solutions\/ca\/#website","url":"https:\/\/tobeit.deideasmarketing.solutions\/ca\/","name":"ToBeIT","description":"[:es]Servicios de monitorizaci\u00f3n del rendimiento de aplicaciones IT[:en]IT solutions, services and security[:ca]Solucions, serveis i seguretat IT[:]","potentialAction":[{"@type":"SearchAction","target":{"@type":"EntryPoint","urlTemplate":"https:\/\/tobeit.deideasmarketing.solutions\/ca\/?s={search_term_string}"},"query-input":{"@type":"PropertyValueSpecification","valueRequired":true,"valueName":"search_term_string"}}],"inLanguage":"ca"}]}},"_links":{"self":[{"href":"https:\/\/tobeit.deideasmarketing.solutions\/ca\/wp-json\/wp\/v2\/pages\/7546","targetHints":{"allow":["GET"]}}],"collection":[{"href":"https:\/\/tobeit.deideasmarketing.solutions\/ca\/wp-json\/wp\/v2\/pages"}],"about":[{"href":"https:\/\/tobeit.deideasmarketing.solutions\/ca\/wp-json\/wp\/v2\/types\/page"}],"author":[{"embeddable":true,"href":"https:\/\/tobeit.deideasmarketing.solutions\/ca\/wp-json\/wp\/v2\/users\/1"}],"replies":[{"embeddable":true,"href":"https:\/\/tobeit.deideasmarketing.solutions\/ca\/wp-json\/wp\/v2\/comments?post=7546"}],"version-history":[{"count":4,"href":"https:\/\/tobeit.deideasmarketing.solutions\/ca\/wp-json\/wp\/v2\/pages\/7546\/revisions"}],"predecessor-version":[{"id":8502,"href":"https:\/\/tobeit.deideasmarketing.solutions\/ca\/wp-json\/wp\/v2\/pages\/7546\/revisions\/8502"}],"wp:attachment":[{"href":"https:\/\/tobeit.deideasmarketing.solutions\/ca\/wp-json\/wp\/v2\/media?parent=7546"}],"curies":[{"name":"wp","href":"https:\/\/api.w.org\/{rel}","templated":true}]}}