{"id":7605,"date":"2016-11-09T12:12:24","date_gmt":"2016-11-09T12:12:24","guid":{"rendered":"https:\/\/tobeit.deideasmarketing.solutions\/?page_id=7605"},"modified":"2025-07-30T08:02:22","modified_gmt":"2025-07-30T08:02:22","slug":"avis-legal","status":"publish","type":"page","link":"https:\/\/tobeit.deideasmarketing.solutions\/ca\/avis-legal\/","title":{"rendered":"Av\u00eds Legal"},"content":{"rendered":"<h2 style=\"text-align: center;\" data-start=\"113\" data-end=\"171\">LLEI DE SERVEIS DE LA SOCIETAT DE LA INFORMACI\u00d3 (LSSI)<\/h2>\n<p>&nbsp;<\/p>\n<p data-start=\"173\" data-end=\"553\">ToBeIT, S.L., responsable del lloc web, d\u2019ara endavant RESPONSABLE, posa a disposici\u00f3 dels usuaris el present document, amb l\u2019objectiu de complir les obligacions establertes a la Llei 34\/2002, de l\u201911 de juliol, de Serveis de la Societat de la Informaci\u00f3 i de Comer\u00e7 Electr\u00f2nic (LSSICE), BOE n\u00fam.\u202f166, aix\u00ed com informar tots els usuaris del lloc web sobre les condicions d\u2019\u00fas.<\/p>\n<p data-start=\"555\" data-end=\"770\">Tota persona que accedeixi a aquest lloc web assumeix el rol d\u2019usuari, comprometen-se a l\u2019observan\u00e7a i compliment estricte de les disposicions aqu\u00ed establertes, aix\u00ed com de qualsevol altra normativa legal aplicable.<\/p>\n<p data-start=\"772\" data-end=\"1002\">ToBeIT, S.L. es reserva el dret de modificar qualsevol tipus d\u2019informaci\u00f3 que pugui apar\u00e8ixer al lloc web, sense necessitat de preav\u00eds o notificaci\u00f3 als usuaris, entenent-se suficient la seva publicaci\u00f3 al lloc web de ToBeIT,\u202fS.L.<\/p>\n<h3>1. DADES IDENTIFICATIVES<\/h3>\n<ul data-start=\"1039\" data-end=\"1257\">\n<li data-start=\"1039\" data-end=\"1064\">\n<p data-start=\"1041\" data-end=\"1064\"><strong data-start=\"1041\" data-end=\"1051\">Domini<\/strong>: <a class=\"cursor-pointer\" rel=\"noopener\" data-start=\"2912\" data-end=\"2926\">tobeit.es<\/a><\/p>\n<\/li>\n<li data-start=\"1065\" data-end=\"1087\">\n<p data-start=\"1067\" data-end=\"1087\"><strong data-start=\"1067\" data-end=\"1084\">Nom comercial<\/strong>:<\/p>\n<\/li>\n<li data-start=\"1088\" data-end=\"1128\">\n<p data-start=\"1090\" data-end=\"1128\"><strong data-start=\"1090\" data-end=\"1112\">Denominaci\u00f3 social<\/strong>: ToBeIT, S.L.<\/p>\n<\/li>\n<li data-start=\"1129\" data-end=\"1151\">\n<p data-start=\"1131\" data-end=\"1151\"><strong data-start=\"1131\" data-end=\"1138\">NIF<\/strong>: B66311341<\/p>\n<\/li>\n<li data-start=\"1152\" data-end=\"1215\">\n<p data-start=\"1154\" data-end=\"1215\"><strong data-start=\"1154\" data-end=\"1173\">Domicili social<\/strong>: Mallorca 272, 5.\u00ba 6.\u00aa, 08037 Barcelona<\/p>\n<\/li>\n<li data-start=\"1216\" data-end=\"1257\">\n<p data-start=\"1218\" data-end=\"1257\"><strong data-start=\"1218\" data-end=\"1239\">Correu electr\u00f2nic<\/strong>: <a class=\"cursor-pointer\" rel=\"noopener\" data-start=\"1241\" data-end=\"1255\">&#105;&#110;&#x66;o&#64;&#x74;&#x6f;b&#101;&#x69;&#x74;&#46;&#101;&#x73;<\/a><\/p>\n<\/li>\n<\/ul>\n<h3 data-start=\"1264\" data-end=\"1314\"><\/h3>\n<h3 data-start=\"1264\" data-end=\"1314\">2. DRETS DE PROPIETAT INTELECTUAL I INDUSTRIAL<\/h3>\n<p data-start=\"1316\" data-end=\"1776\">El lloc web, incloent \u2014a t\u00edtol enunciatiu per\u00f2 no limitatiu\u2014 la seva programaci\u00f3, edici\u00f3, compilaci\u00f3 i altres elements necessaris pel seu funcionament, els dissenys, logotips, textos i\/o gr\u00e0fics, s\u00f3n propietat del RESPONSABLE o b\u00e9 disposa de llic\u00e8ncia o autoritzaci\u00f3 expressa dels autors. Tots els continguts del lloc web estan degudament protegits per la normativa de propietat intel\u00b7lectual i industrial, i registrats als registres p\u00fablics corresponents.<\/p>\n<p data-start=\"1778\" data-end=\"2518\">Independientment de la finalitat per a la qual estiguin destinats, la reproducci\u00f3 total o parcial, l\u2019\u00fas, explotaci\u00f3, distribuci\u00f3 i comercialitzaci\u00f3 requereixen en tot cas autoritzaci\u00f3 escrita pr\u00e8via del RESPONSABLE. Qualsevol \u00fas no autoritzat previament es considera un incompliment greu dels drets de propietat intel\u00b7lectual o industrial. Els dissenys, logotips, textos i\/o gr\u00e0fics aliens al RESPONSABLE que apareguin al lloc web pertanyen als seus respectius propietaris, que seran responsables de qualsevol controv\u00e8rsia que en pugui sorgir. El <strong data-start=\"2333\" data-end=\"2348\">RESPONSABLE<\/strong> autoritza expressament que tercers puguin vincular directament als continguts concrets del lloc web i, en qualsevol cas, vincular sempre al lloc web principal <a class=\"cursor-pointer\" rel=\"noopener\" data-start=\"2912\" data-end=\"2926\">tobeit.es<\/a>.<\/p>\n<p data-start=\"2520\" data-end=\"2769\">El RESPONSABLE reconeix els corresponents drets de propietat intel\u00b7lectual i industrial a favor dels seus titulars, tot i que la mera menci\u00f3 o aparici\u00f3 al lloc web no implica exist\u00e8ncia de drets, responsabilitat, suport, patrocini o recomanaci\u00f3.<\/p>\n<p data-start=\"2771\" data-end=\"2927\">Per comunicar possibles incompliments respecte aquests drets o qualsevol contingut del lloc web, pot fer-ho a trav\u00e9s de l\u2019adre\u00e7a electr\u00f2nica <a class=\"cursor-pointer\" rel=\"noopener\" data-start=\"2912\" data-end=\"2926\">&#x69;n&#x66;&#111;&#x40;&#x74;o&#x62;&#101;&#x69;&#x74;&#46;&#x65;&#115;<\/a>.<\/p>\n<h3 data-start=\"2934\" data-end=\"2969\"><\/h3>\n<h3 data-start=\"2934\" data-end=\"2969\">3. EXEMPCI\u00d3 DE RESPONSABILITATS<\/h3>\n<p data-start=\"2971\" data-end=\"3279\">El RESPONSABLE queda eximit de qualsevol responsabilitat derivada de la informaci\u00f3 publicada al seu lloc web sempre que no tingui efectiu coneixement que hagi estat manipulada o introdu\u00efda per un tercer ali\u00e8, o, si en t\u00e9 coneixement, hagi actuat amb dilig\u00e8ncia per retirar-la o impossibilitar-ne l\u2019acc\u00e9s.<\/p>\n<p data-start=\"3281\" data-end=\"3299\"><strong>\u00das de cookies<\/strong><\/p>\n<p data-start=\"3301\" data-end=\"3751\">Aquest lloc web pot utilitzar cookies t\u00e8cniques (petits fitxers d\u2019informaci\u00f3 que el servidor envia a l\u2019ordinador de qui accedeix) per dur a terme funcions imprescindibles pel correcte funcionament i visualitzaci\u00f3. Aquestes cookies tenen car\u00e0cter temporal, tenen com a \u00fanica finalitat fer m\u00e9s efectiva la navegaci\u00f3 i desapareixen en finalitzar la sessi\u00f3. En cap cas proporcionen dades de car\u00e0cter personal i no s\u2019utilitzaran per a la seva recopilaci\u00f3.<\/p>\n<p data-start=\"3753\" data-end=\"4236\">Tamb\u00e9 \u00e9s possible que aquestes cookies permetin recon\u00e8ixer el navegador utilitzat per facilitar l\u2019acc\u00e9s a serveis reservats als usuaris registrats sense necessitat de repetir-hi el registre en cada visita. Poden utilitzar-se tamb\u00e9 per mesurar l\u2019audi\u00e8ncia, el tr\u00e0nsit, el progr\u00e9s o nombre d\u2019entrades, entre d\u2019altres; en aquests casos s\u00f3n cookies prescindibles, per\u00f2 beneficioses per a l\u2019usuari. Aquest lloc no instal\u00b7lar\u00e0 cookies prescindibles sense el consentiment previ de l\u2019usuari.<\/p>\n<p data-start=\"4238\" data-end=\"4439\">L\u2019usuari pot configurar el navegador per rebre alertes sobre la recepci\u00f3 de cookies i impedir-ne la instal\u00b7laci\u00f3. Si us plau, consulti les instruccions del seu navegador per ampliar aquesta informaci\u00f3.<\/p>\n<p data-start=\"4441\" data-end=\"4465\"><strong>Pol\u00edtica d\u2019enlla\u00e7os<\/strong><\/p>\n<p data-start=\"4467\" data-end=\"4809\">Des del lloc web pot accedir-se a continguts de tercers. El RESPONSABLE no sempre pot controlar aquests continguts i, per tant, no assumeix cap responsabilitat per ells. Tanmateix, procedir\u00e0 a retirar immediatament qualsevol refer\u00e8ncia que contravingui la legislaci\u00f3, la moral o l\u2019ordre p\u00fablic i ho comunicar\u00e0 a les autoritats competents.<\/p>\n<p data-start=\"4811\" data-end=\"5335\">No es fa responsable dels continguts emmagatzemats en f\u00f2rums, xats, blogs, comentaris, xarxes socials o qualsevol altre mitj\u00e0 en qu\u00e8 tercers publiquin continguts independentment. No obstant aix\u00f2, en compliment dels articles 11 i 16 de la LSSICE, col\u00b7labora activament amb les autoritats per retirar o bloquejar continguts que puguin infringir la normativa, els drets de tercers o la moral i l\u2019ordre p\u00fablic. Si l\u2019usuari detecta algun contingut en aquest sentit, s\u2019ha de notificar immediatament a l\u2019administrador del lloc web.<\/p>\n<p data-start=\"5337\" data-end=\"5638\">Aquest lloc web ha estat revisat i provat per assegurar el seu correcte funcionament. Se suposa que funciona els 365 dies de l\u2019any, les 24\u202fh, tot i que no es descarten errors de programaci\u00f3, causes de for\u00e7a major, cat\u00e0strofes naturals, vagues o circumst\u00e0ncies similars que en facin impossible l\u2019acc\u00e9s.<\/p>\n<p data-start=\"5640\" data-end=\"5655\"><strong>Adreces IP<\/strong><\/p>\n<p data-start=\"5657\" data-end=\"5891\">Els servidors poden detectar autom\u00e0ticament l\u2019adre\u00e7a IP i el domini utilitzat per l\u2019usuari. Aquesta informaci\u00f3 es registra en un fitxer que serveix per a l\u2019an\u00e0lisi estad\u00edstica de p\u00e0gines vistes, visites, ordenaci\u00f3, punts d\u2019acc\u00e9s, etc.<\/p>\n<h3 data-start=\"5898\" data-end=\"5933\"><\/h3>\n<h3 data-start=\"5898\" data-end=\"5933\">4. LLEI APLICABLE I JURISDICCI\u00d3<\/h3>\n<p data-start=\"5935\" data-end=\"6271\">Per a la resoluci\u00f3 de qualsevol litigi o q\u00fcesti\u00f3 relacionada amb aquest lloc web o les activitats desenvolupades, ser\u00e0 d\u2019aplicaci\u00f3 la legislaci\u00f3 espanyola, a qu\u00e8 les parts se sotmeten expressament, sent competents per resoldre qualsevol conflicte els Jutjats i Tribunals del domicili de l\u2019USUARI o del lloc de compliment de l\u2019obligaci\u00f3.<\/p>\n","protected":false},"excerpt":{"rendered":"<p>LLEI DE SERVEIS DE LA SOCIETAT DE LA INFORMACI\u00d3 (LSSI) &nbsp; ToBeIT, S.L., responsable del lloc web, d\u2019ara endavant RESPONSABLE, posa a disposici\u00f3 dels usuaris el present document, amb l\u2019objectiu de complir les obligacions establertes a la Llei 34\/2002, de l\u201911 de juliol, de Serveis de la Societat de la Informaci\u00f3 i de Comer\u00e7 Electr\u00f2nic [&hellip;]<\/p>\n","protected":false},"author":1,"featured_media":0,"parent":0,"menu_order":0,"comment_status":"closed","ping_status":"closed","template":"templates\/dms-template-new-legal.php","meta":{"footnotes":""},"class_list":["post-7605","page","type-page","status-publish","hentry"],"yoast_head":"<!-- This site is optimized with the Yoast SEO plugin v26.0 - https:\/\/yoast.com\/wordpress\/plugins\/seo\/ -->\n<title>Av\u00eds Legal - ToBeIT<\/title>\n<meta name=\"description\" content=\"Aqu\u00ed podr\u00e0s consultar l&#039;Av\u00eds Legal de ToBeIT.\" \/>\n<meta name=\"robots\" content=\"noindex, follow\" \/>\n<meta property=\"og:locale\" content=\"ca_ES\" \/>\n<meta property=\"og:type\" content=\"article\" \/>\n<meta property=\"og:title\" content=\"Av\u00eds Legal - ToBeIT\" \/>\n<meta property=\"og:description\" content=\"Aqu\u00ed podr\u00e0s consultar l&#039;Av\u00eds Legal de ToBeIT.\" \/>\n<meta property=\"og:url\" content=\"https:\/\/tobeit.deideasmarketing.solutions\/ca\/avis-legal\/\" \/>\n<meta property=\"og:site_name\" content=\"ToBeIT\" \/>\n<meta property=\"article:publisher\" content=\"https:\/\/www.facebook.com\/grupotobeit\" \/>\n<meta property=\"article:modified_time\" content=\"2025-07-30T08:02:22+00:00\" \/>\n<meta name=\"twitter:card\" content=\"summary_large_image\" \/>\n<meta name=\"twitter:label1\" content=\"Temps estimat de lectura\" \/>\n\t<meta name=\"twitter:data1\" content=\"5 minuts\" \/>\n<script type=\"application\/ld+json\" class=\"yoast-schema-graph\">{\"@context\":\"https:\/\/schema.org\",\"@graph\":[{\"@type\":\"WebPage\",\"@id\":\"https:\/\/tobeit.deideasmarketing.solutions\/ca\/avis-legal\/\",\"url\":\"https:\/\/tobeit.deideasmarketing.solutions\/ca\/avis-legal\/\",\"name\":\"Av\u00eds Legal - ToBeIT\",\"isPartOf\":{\"@id\":\"https:\/\/tobeit.deideasmarketing.solutions\/ca\/#website\"},\"datePublished\":\"2016-11-09T12:12:24+00:00\",\"dateModified\":\"2025-07-30T08:02:22+00:00\",\"description\":\"Aqu\u00ed podr\u00e0s consultar l'Av\u00eds Legal de ToBeIT.\",\"breadcrumb\":{\"@id\":\"https:\/\/tobeit.deideasmarketing.solutions\/ca\/avis-legal\/#breadcrumb\"},\"inLanguage\":\"ca\",\"potentialAction\":[{\"@type\":\"ReadAction\",\"target\":[\"https:\/\/tobeit.deideasmarketing.solutions\/ca\/avis-legal\/\"]}]},{\"@type\":\"BreadcrumbList\",\"@id\":\"https:\/\/tobeit.deideasmarketing.solutions\/ca\/avis-legal\/#breadcrumb\",\"itemListElement\":[{\"@type\":\"ListItem\",\"position\":1,\"name\":\"Portada\",\"item\":\"https:\/\/tobeit.deideasmarketing.solutions\/ca\/\"},{\"@type\":\"ListItem\",\"position\":2,\"name\":\"Av\u00eds Legal\"}]},{\"@type\":\"WebSite\",\"@id\":\"https:\/\/tobeit.deideasmarketing.solutions\/ca\/#website\",\"url\":\"https:\/\/tobeit.deideasmarketing.solutions\/ca\/\",\"name\":\"ToBeIT\",\"description\":\"[:es]Servicios de monitorizaci\u00f3n del rendimiento de aplicaciones IT[:en]IT solutions, services and security[:ca]Solucions, serveis i seguretat IT[:]\",\"potentialAction\":[{\"@type\":\"SearchAction\",\"target\":{\"@type\":\"EntryPoint\",\"urlTemplate\":\"https:\/\/tobeit.deideasmarketing.solutions\/ca\/?s={search_term_string}\"},\"query-input\":{\"@type\":\"PropertyValueSpecification\",\"valueRequired\":true,\"valueName\":\"search_term_string\"}}],\"inLanguage\":\"ca\"}]}<\/script>\n<!-- \/ Yoast SEO plugin. -->","yoast_head_json":{"title":"Av\u00eds Legal - ToBeIT","description":"Aqu\u00ed podr\u00e0s consultar l'Av\u00eds Legal de ToBeIT.","robots":{"index":"noindex","follow":"follow"},"og_locale":"ca_ES","og_type":"article","og_title":"Av\u00eds Legal - ToBeIT","og_description":"Aqu\u00ed podr\u00e0s consultar l'Av\u00eds Legal de ToBeIT.","og_url":"https:\/\/tobeit.deideasmarketing.solutions\/ca\/avis-legal\/","og_site_name":"ToBeIT","article_publisher":"https:\/\/www.facebook.com\/grupotobeit","article_modified_time":"2025-07-30T08:02:22+00:00","twitter_card":"summary_large_image","twitter_misc":{"Temps estimat de lectura":"5 minuts"},"schema":{"@context":"https:\/\/schema.org","@graph":[{"@type":"WebPage","@id":"https:\/\/tobeit.deideasmarketing.solutions\/ca\/avis-legal\/","url":"https:\/\/tobeit.deideasmarketing.solutions\/ca\/avis-legal\/","name":"Av\u00eds Legal - ToBeIT","isPartOf":{"@id":"https:\/\/tobeit.deideasmarketing.solutions\/ca\/#website"},"datePublished":"2016-11-09T12:12:24+00:00","dateModified":"2025-07-30T08:02:22+00:00","description":"Aqu\u00ed podr\u00e0s consultar l'Av\u00eds Legal de ToBeIT.","breadcrumb":{"@id":"https:\/\/tobeit.deideasmarketing.solutions\/ca\/avis-legal\/#breadcrumb"},"inLanguage":"ca","potentialAction":[{"@type":"ReadAction","target":["https:\/\/tobeit.deideasmarketing.solutions\/ca\/avis-legal\/"]}]},{"@type":"BreadcrumbList","@id":"https:\/\/tobeit.deideasmarketing.solutions\/ca\/avis-legal\/#breadcrumb","itemListElement":[{"@type":"ListItem","position":1,"name":"Portada","item":"https:\/\/tobeit.deideasmarketing.solutions\/ca\/"},{"@type":"ListItem","position":2,"name":"Av\u00eds Legal"}]},{"@type":"WebSite","@id":"https:\/\/tobeit.deideasmarketing.solutions\/ca\/#website","url":"https:\/\/tobeit.deideasmarketing.solutions\/ca\/","name":"ToBeIT","description":"[:es]Servicios de monitorizaci\u00f3n del rendimiento de aplicaciones IT[:en]IT solutions, services and security[:ca]Solucions, serveis i seguretat IT[:]","potentialAction":[{"@type":"SearchAction","target":{"@type":"EntryPoint","urlTemplate":"https:\/\/tobeit.deideasmarketing.solutions\/ca\/?s={search_term_string}"},"query-input":{"@type":"PropertyValueSpecification","valueRequired":true,"valueName":"search_term_string"}}],"inLanguage":"ca"}]}},"_links":{"self":[{"href":"https:\/\/tobeit.deideasmarketing.solutions\/ca\/wp-json\/wp\/v2\/pages\/7605","targetHints":{"allow":["GET"]}}],"collection":[{"href":"https:\/\/tobeit.deideasmarketing.solutions\/ca\/wp-json\/wp\/v2\/pages"}],"about":[{"href":"https:\/\/tobeit.deideasmarketing.solutions\/ca\/wp-json\/wp\/v2\/types\/page"}],"author":[{"embeddable":true,"href":"https:\/\/tobeit.deideasmarketing.solutions\/ca\/wp-json\/wp\/v2\/users\/1"}],"replies":[{"embeddable":true,"href":"https:\/\/tobeit.deideasmarketing.solutions\/ca\/wp-json\/wp\/v2\/comments?post=7605"}],"version-history":[{"count":9,"href":"https:\/\/tobeit.deideasmarketing.solutions\/ca\/wp-json\/wp\/v2\/pages\/7605\/revisions"}],"predecessor-version":[{"id":8267,"href":"https:\/\/tobeit.deideasmarketing.solutions\/ca\/wp-json\/wp\/v2\/pages\/7605\/revisions\/8267"}],"wp:attachment":[{"href":"https:\/\/tobeit.deideasmarketing.solutions\/ca\/wp-json\/wp\/v2\/media?parent=7605"}],"curies":[{"name":"wp","href":"https:\/\/api.w.org\/{rel}","templated":true}]}}