{"id":7613,"date":"2021-10-11T14:25:40","date_gmt":"2021-10-11T14:25:40","guid":{"rendered":"https:\/\/tobeit.deideasmarketing.solutions\/?page_id=7613"},"modified":"2025-07-31T09:15:07","modified_gmt":"2025-07-31T09:15:07","slug":"servicedesk-plus","status":"publish","type":"page","link":"https:\/\/tobeit.deideasmarketing.solutions\/ca\/servicedesk-plus\/","title":{"rendered":"Servei d&#8217;Escriptori Plus"},"content":{"rendered":"","protected":false},"excerpt":{"rendered":"","protected":false},"author":1,"featured_media":0,"parent":0,"menu_order":0,"comment_status":"closed","ping_status":"closed","template":"templates\/dms-template-new-service.php","meta":{"footnotes":""},"class_list":["post-7613","page","type-page","status-publish","hentry"],"yoast_head":"<!-- This site is optimized with the Yoast SEO plugin v26.0 - https:\/\/yoast.com\/wordpress\/plugins\/seo\/ -->\n<title>Servei d&#039;Escriptori Plus - ToBeIT<\/title>\n<meta name=\"description\" content=\"Descobreix Servei d&#039;Escriptori Plus, l&#039;eina de Help Desk per potenciar l&#039;assist\u00e8ncia t\u00e8cnica i gesti\u00f3 d&#039;actius de la teva empresa.\" \/>\n<meta name=\"robots\" content=\"noindex, follow, max-snippet:-1, max-image-preview:large, max-video-preview:-1\" \/>\n<meta property=\"og:locale\" content=\"ca_ES\" \/>\n<meta property=\"og:type\" content=\"article\" \/>\n<meta property=\"og:title\" content=\"Servei d&#039;Escriptori Plus - ToBeIT\" \/>\n<meta property=\"og:description\" content=\"Descobreix Servei d&#039;Escriptori Plus, l&#039;eina de Help Desk per potenciar l&#039;assist\u00e8ncia t\u00e8cnica i gesti\u00f3 d&#039;actius de la teva empresa.\" \/>\n<meta property=\"og:url\" content=\"https:\/\/tobeit.deideasmarketing.solutions\/ca\/servicedesk-plus\/\" \/>\n<meta property=\"og:site_name\" content=\"ToBeIT\" \/>\n<meta property=\"article:publisher\" content=\"https:\/\/www.facebook.com\/grupotobeit\" \/>\n<meta property=\"article:modified_time\" content=\"2025-07-31T09:15:07+00:00\" \/>\n<meta name=\"twitter:card\" content=\"summary_large_image\" \/>\n<script type=\"application\/ld+json\" class=\"yoast-schema-graph\">{\"@context\":\"https:\/\/schema.org\",\"@graph\":[{\"@type\":\"WebPage\",\"@id\":\"https:\/\/tobeit.deideasmarketing.solutions\/ca\/servicedesk-plus\/\",\"url\":\"https:\/\/tobeit.deideasmarketing.solutions\/ca\/servicedesk-plus\/\",\"name\":\"Servei d'Escriptori Plus - ToBeIT\",\"isPartOf\":{\"@id\":\"https:\/\/tobeit.deideasmarketing.solutions\/ca\/#website\"},\"datePublished\":\"2021-10-11T14:25:40+00:00\",\"dateModified\":\"2025-07-31T09:15:07+00:00\",\"description\":\"Descobreix Servei d'Escriptori Plus, l'eina de Help Desk per potenciar l'assist\u00e8ncia t\u00e8cnica i gesti\u00f3 d'actius de la teva empresa.\",\"breadcrumb\":{\"@id\":\"https:\/\/tobeit.deideasmarketing.solutions\/ca\/servicedesk-plus\/#breadcrumb\"},\"inLanguage\":\"ca\",\"potentialAction\":[{\"@type\":\"ReadAction\",\"target\":[\"https:\/\/tobeit.deideasmarketing.solutions\/ca\/servicedesk-plus\/\"]}]},{\"@type\":\"BreadcrumbList\",\"@id\":\"https:\/\/tobeit.deideasmarketing.solutions\/ca\/servicedesk-plus\/#breadcrumb\",\"itemListElement\":[{\"@type\":\"ListItem\",\"position\":1,\"name\":\"Portada\",\"item\":\"https:\/\/tobeit.deideasmarketing.solutions\/ca\/\"},{\"@type\":\"ListItem\",\"position\":2,\"name\":\"Servei d&#8217;Escriptori Plus\"}]},{\"@type\":\"WebSite\",\"@id\":\"https:\/\/tobeit.deideasmarketing.solutions\/ca\/#website\",\"url\":\"https:\/\/tobeit.deideasmarketing.solutions\/ca\/\",\"name\":\"ToBeIT\",\"description\":\"[:es]Servicios de monitorizaci\u00f3n del rendimiento de aplicaciones IT[:en]IT solutions, services and security[:ca]Solucions, serveis i seguretat IT[:]\",\"potentialAction\":[{\"@type\":\"SearchAction\",\"target\":{\"@type\":\"EntryPoint\",\"urlTemplate\":\"https:\/\/tobeit.deideasmarketing.solutions\/ca\/?s={search_term_string}\"},\"query-input\":{\"@type\":\"PropertyValueSpecification\",\"valueRequired\":true,\"valueName\":\"search_term_string\"}}],\"inLanguage\":\"ca\"}]}<\/script>\n<!-- \/ Yoast SEO plugin. -->","yoast_head_json":{"title":"Servei d'Escriptori Plus - ToBeIT","description":"Descobreix Servei d'Escriptori Plus, l'eina de Help Desk per potenciar l'assist\u00e8ncia t\u00e8cnica i gesti\u00f3 d'actius de la teva empresa.","robots":{"index":"noindex","follow":"follow","max-snippet":"max-snippet:-1","max-image-preview":"max-image-preview:large","max-video-preview":"max-video-preview:-1"},"og_locale":"ca_ES","og_type":"article","og_title":"Servei d'Escriptori Plus - ToBeIT","og_description":"Descobreix Servei d'Escriptori Plus, l'eina de Help Desk per potenciar l'assist\u00e8ncia t\u00e8cnica i gesti\u00f3 d'actius de la teva empresa.","og_url":"https:\/\/tobeit.deideasmarketing.solutions\/ca\/servicedesk-plus\/","og_site_name":"ToBeIT","article_publisher":"https:\/\/www.facebook.com\/grupotobeit","article_modified_time":"2025-07-31T09:15:07+00:00","twitter_card":"summary_large_image","schema":{"@context":"https:\/\/schema.org","@graph":[{"@type":"WebPage","@id":"https:\/\/tobeit.deideasmarketing.solutions\/ca\/servicedesk-plus\/","url":"https:\/\/tobeit.deideasmarketing.solutions\/ca\/servicedesk-plus\/","name":"Servei d'Escriptori Plus - ToBeIT","isPartOf":{"@id":"https:\/\/tobeit.deideasmarketing.solutions\/ca\/#website"},"datePublished":"2021-10-11T14:25:40+00:00","dateModified":"2025-07-31T09:15:07+00:00","description":"Descobreix Servei d'Escriptori Plus, l'eina de Help Desk per potenciar l'assist\u00e8ncia t\u00e8cnica i gesti\u00f3 d'actius de la teva empresa.","breadcrumb":{"@id":"https:\/\/tobeit.deideasmarketing.solutions\/ca\/servicedesk-plus\/#breadcrumb"},"inLanguage":"ca","potentialAction":[{"@type":"ReadAction","target":["https:\/\/tobeit.deideasmarketing.solutions\/ca\/servicedesk-plus\/"]}]},{"@type":"BreadcrumbList","@id":"https:\/\/tobeit.deideasmarketing.solutions\/ca\/servicedesk-plus\/#breadcrumb","itemListElement":[{"@type":"ListItem","position":1,"name":"Portada","item":"https:\/\/tobeit.deideasmarketing.solutions\/ca\/"},{"@type":"ListItem","position":2,"name":"Servei d&#8217;Escriptori Plus"}]},{"@type":"WebSite","@id":"https:\/\/tobeit.deideasmarketing.solutions\/ca\/#website","url":"https:\/\/tobeit.deideasmarketing.solutions\/ca\/","name":"ToBeIT","description":"[:es]Servicios de monitorizaci\u00f3n del rendimiento de aplicaciones IT[:en]IT solutions, services and security[:ca]Solucions, serveis i seguretat IT[:]","potentialAction":[{"@type":"SearchAction","target":{"@type":"EntryPoint","urlTemplate":"https:\/\/tobeit.deideasmarketing.solutions\/ca\/?s={search_term_string}"},"query-input":{"@type":"PropertyValueSpecification","valueRequired":true,"valueName":"search_term_string"}}],"inLanguage":"ca"}]}},"_links":{"self":[{"href":"https:\/\/tobeit.deideasmarketing.solutions\/ca\/wp-json\/wp\/v2\/pages\/7613","targetHints":{"allow":["GET"]}}],"collection":[{"href":"https:\/\/tobeit.deideasmarketing.solutions\/ca\/wp-json\/wp\/v2\/pages"}],"about":[{"href":"https:\/\/tobeit.deideasmarketing.solutions\/ca\/wp-json\/wp\/v2\/types\/page"}],"author":[{"embeddable":true,"href":"https:\/\/tobeit.deideasmarketing.solutions\/ca\/wp-json\/wp\/v2\/users\/1"}],"replies":[{"embeddable":true,"href":"https:\/\/tobeit.deideasmarketing.solutions\/ca\/wp-json\/wp\/v2\/comments?post=7613"}],"version-history":[{"count":7,"href":"https:\/\/tobeit.deideasmarketing.solutions\/ca\/wp-json\/wp\/v2\/pages\/7613\/revisions"}],"predecessor-version":[{"id":8460,"href":"https:\/\/tobeit.deideasmarketing.solutions\/ca\/wp-json\/wp\/v2\/pages\/7613\/revisions\/8460"}],"wp:attachment":[{"href":"https:\/\/tobeit.deideasmarketing.solutions\/ca\/wp-json\/wp\/v2\/media?parent=7613"}],"curies":[{"name":"wp","href":"https:\/\/api.w.org\/{rel}","templated":true}]}}