{"id":7623,"date":"2023-05-18T07:32:54","date_gmt":"2023-05-18T07:32:54","guid":{"rendered":"https:\/\/tobeit.deideasmarketing.solutions\/?page_id=7623"},"modified":"2025-10-07T08:51:11","modified_gmt":"2025-10-07T08:51:11","slug":"partner-zabbix","status":"publish","type":"page","link":"https:\/\/tobeit.deideasmarketing.solutions\/ca\/partner-zabbix\/","title":{"rendered":"Landing Zabbix &#8211; Form template"},"content":{"rendered":"","protected":false},"excerpt":{"rendered":"","protected":false},"author":1,"featured_media":0,"parent":0,"menu_order":0,"comment_status":"closed","ping_status":"closed","template":"templates\/dms-template-new-landing.php","meta":{"footnotes":""},"class_list":["post-7623","page","type-page","status-publish","hentry"],"yoast_head":"<!-- This site is optimized with the Yoast SEO plugin v26.0 - https:\/\/yoast.com\/wordpress\/plugins\/seo\/ -->\n<title>Landing Zabbix - Form template - ToBeIT<\/title>\n<meta name=\"description\" content=\"A ToBeIT som partners de Zabbix, la soluci\u00f3 de monitoratge distribu\u00efda que et permet tenir una visi\u00f3 unificada de tots els actius.\" \/>\n<meta name=\"robots\" content=\"noindex, follow\" \/>\n<meta property=\"og:locale\" content=\"ca_ES\" \/>\n<meta property=\"og:type\" content=\"article\" \/>\n<meta property=\"og:title\" content=\"Landing Zabbix - Form template - ToBeIT\" \/>\n<meta property=\"og:description\" content=\"A ToBeIT som partners de Zabbix, la soluci\u00f3 de monitoratge distribu\u00efda que et permet tenir una visi\u00f3 unificada de tots els actius.\" \/>\n<meta property=\"og:url\" content=\"https:\/\/tobeit.deideasmarketing.solutions\/ca\/partner-zabbix\/\" \/>\n<meta property=\"og:site_name\" content=\"ToBeIT\" \/>\n<meta property=\"article:publisher\" content=\"https:\/\/www.facebook.com\/grupotobeit\" \/>\n<meta property=\"article:modified_time\" content=\"2025-10-07T08:51:11+00:00\" \/>\n<meta name=\"twitter:card\" content=\"summary_large_image\" \/>\n<script type=\"application\/ld+json\" class=\"yoast-schema-graph\">{\"@context\":\"https:\/\/schema.org\",\"@graph\":[{\"@type\":\"WebPage\",\"@id\":\"https:\/\/tobeit.deideasmarketing.solutions\/ca\/partner-zabbix\/\",\"url\":\"https:\/\/tobeit.deideasmarketing.solutions\/ca\/partner-zabbix\/\",\"name\":\"Landing Zabbix - Form template - ToBeIT\",\"isPartOf\":{\"@id\":\"https:\/\/tobeit.deideasmarketing.solutions\/ca\/#website\"},\"datePublished\":\"2023-05-18T07:32:54+00:00\",\"dateModified\":\"2025-10-07T08:51:11+00:00\",\"description\":\"A ToBeIT som partners de Zabbix, la soluci\u00f3 de monitoratge distribu\u00efda que et permet tenir una visi\u00f3 unificada de tots els actius.\",\"breadcrumb\":{\"@id\":\"https:\/\/tobeit.deideasmarketing.solutions\/ca\/partner-zabbix\/#breadcrumb\"},\"inLanguage\":\"ca\",\"potentialAction\":[{\"@type\":\"ReadAction\",\"target\":[\"https:\/\/tobeit.deideasmarketing.solutions\/ca\/partner-zabbix\/\"]}]},{\"@type\":\"BreadcrumbList\",\"@id\":\"https:\/\/tobeit.deideasmarketing.solutions\/ca\/partner-zabbix\/#breadcrumb\",\"itemListElement\":[{\"@type\":\"ListItem\",\"position\":1,\"name\":\"Portada\",\"item\":\"https:\/\/tobeit.deideasmarketing.solutions\/ca\/\"},{\"@type\":\"ListItem\",\"position\":2,\"name\":\"Landing Zabbix &#8211; Form template\"}]},{\"@type\":\"WebSite\",\"@id\":\"https:\/\/tobeit.deideasmarketing.solutions\/ca\/#website\",\"url\":\"https:\/\/tobeit.deideasmarketing.solutions\/ca\/\",\"name\":\"ToBeIT\",\"description\":\"[:es]Servicios de monitorizaci\u00f3n del rendimiento de aplicaciones IT[:en]IT solutions, services and security[:ca]Solucions, serveis i seguretat IT[:]\",\"potentialAction\":[{\"@type\":\"SearchAction\",\"target\":{\"@type\":\"EntryPoint\",\"urlTemplate\":\"https:\/\/tobeit.deideasmarketing.solutions\/ca\/?s={search_term_string}\"},\"query-input\":{\"@type\":\"PropertyValueSpecification\",\"valueRequired\":true,\"valueName\":\"search_term_string\"}}],\"inLanguage\":\"ca\"}]}<\/script>\n<!-- \/ Yoast SEO plugin. -->","yoast_head_json":{"title":"Landing Zabbix - Form template - ToBeIT","description":"A ToBeIT som partners de Zabbix, la soluci\u00f3 de monitoratge distribu\u00efda que et permet tenir una visi\u00f3 unificada de tots els actius.","robots":{"index":"noindex","follow":"follow"},"og_locale":"ca_ES","og_type":"article","og_title":"Landing Zabbix - Form template - ToBeIT","og_description":"A ToBeIT som partners de Zabbix, la soluci\u00f3 de monitoratge distribu\u00efda que et permet tenir una visi\u00f3 unificada de tots els actius.","og_url":"https:\/\/tobeit.deideasmarketing.solutions\/ca\/partner-zabbix\/","og_site_name":"ToBeIT","article_publisher":"https:\/\/www.facebook.com\/grupotobeit","article_modified_time":"2025-10-07T08:51:11+00:00","twitter_card":"summary_large_image","schema":{"@context":"https:\/\/schema.org","@graph":[{"@type":"WebPage","@id":"https:\/\/tobeit.deideasmarketing.solutions\/ca\/partner-zabbix\/","url":"https:\/\/tobeit.deideasmarketing.solutions\/ca\/partner-zabbix\/","name":"Landing Zabbix - Form template - ToBeIT","isPartOf":{"@id":"https:\/\/tobeit.deideasmarketing.solutions\/ca\/#website"},"datePublished":"2023-05-18T07:32:54+00:00","dateModified":"2025-10-07T08:51:11+00:00","description":"A ToBeIT som partners de Zabbix, la soluci\u00f3 de monitoratge distribu\u00efda que et permet tenir una visi\u00f3 unificada de tots els actius.","breadcrumb":{"@id":"https:\/\/tobeit.deideasmarketing.solutions\/ca\/partner-zabbix\/#breadcrumb"},"inLanguage":"ca","potentialAction":[{"@type":"ReadAction","target":["https:\/\/tobeit.deideasmarketing.solutions\/ca\/partner-zabbix\/"]}]},{"@type":"BreadcrumbList","@id":"https:\/\/tobeit.deideasmarketing.solutions\/ca\/partner-zabbix\/#breadcrumb","itemListElement":[{"@type":"ListItem","position":1,"name":"Portada","item":"https:\/\/tobeit.deideasmarketing.solutions\/ca\/"},{"@type":"ListItem","position":2,"name":"Landing Zabbix &#8211; Form template"}]},{"@type":"WebSite","@id":"https:\/\/tobeit.deideasmarketing.solutions\/ca\/#website","url":"https:\/\/tobeit.deideasmarketing.solutions\/ca\/","name":"ToBeIT","description":"[:es]Servicios de monitorizaci\u00f3n del rendimiento de aplicaciones IT[:en]IT solutions, services and security[:ca]Solucions, serveis i seguretat IT[:]","potentialAction":[{"@type":"SearchAction","target":{"@type":"EntryPoint","urlTemplate":"https:\/\/tobeit.deideasmarketing.solutions\/ca\/?s={search_term_string}"},"query-input":{"@type":"PropertyValueSpecification","valueRequired":true,"valueName":"search_term_string"}}],"inLanguage":"ca"}]}},"_links":{"self":[{"href":"https:\/\/tobeit.deideasmarketing.solutions\/ca\/wp-json\/wp\/v2\/pages\/7623","targetHints":{"allow":["GET"]}}],"collection":[{"href":"https:\/\/tobeit.deideasmarketing.solutions\/ca\/wp-json\/wp\/v2\/pages"}],"about":[{"href":"https:\/\/tobeit.deideasmarketing.solutions\/ca\/wp-json\/wp\/v2\/types\/page"}],"author":[{"embeddable":true,"href":"https:\/\/tobeit.deideasmarketing.solutions\/ca\/wp-json\/wp\/v2\/users\/1"}],"replies":[{"embeddable":true,"href":"https:\/\/tobeit.deideasmarketing.solutions\/ca\/wp-json\/wp\/v2\/comments?post=7623"}],"version-history":[{"count":10,"href":"https:\/\/tobeit.deideasmarketing.solutions\/ca\/wp-json\/wp\/v2\/pages\/7623\/revisions"}],"predecessor-version":[{"id":15804,"href":"https:\/\/tobeit.deideasmarketing.solutions\/ca\/wp-json\/wp\/v2\/pages\/7623\/revisions\/15804"}],"wp:attachment":[{"href":"https:\/\/tobeit.deideasmarketing.solutions\/ca\/wp-json\/wp\/v2\/media?parent=7623"}],"curies":[{"name":"wp","href":"https:\/\/api.w.org\/{rel}","templated":true}]}}