{"id":7652,"date":"2023-09-15T09:11:55","date_gmt":"2023-09-15T09:11:55","guid":{"rendered":"https:\/\/tobeit.deideasmarketing.solutions\/?page_id=7652"},"modified":"2025-07-29T10:25:29","modified_gmt":"2025-07-29T10:25:29","slug":"datadog","status":"publish","type":"page","link":"https:\/\/tobeit.deideasmarketing.solutions\/ca\/datadog\/","title":{"rendered":"Datadog"},"content":{"rendered":"","protected":false},"excerpt":{"rendered":"","protected":false},"author":1,"featured_media":0,"parent":0,"menu_order":0,"comment_status":"closed","ping_status":"closed","template":"templates\/dms-template-new-landing.php","meta":{"footnotes":""},"class_list":["post-7652","page","type-page","status-publish","hentry"],"yoast_head":"<!-- This site is optimized with the Yoast SEO plugin v26.0 - https:\/\/yoast.com\/wordpress\/plugins\/seo\/ -->\n<title>Datadog - ToBeIT<\/title>\n<meta name=\"description\" content=\"Monitoritza al n\u00favol amb Datadog: el teu aliat per a un rendiment m\u00e0xim. Aprofita al m\u00e0xim aquesta soluci\u00f3 SaaS dissenyada per a administradors de TI.\" \/>\n<meta name=\"robots\" content=\"noindex, follow, max-snippet:-1, max-image-preview:large, max-video-preview:-1\" \/>\n<meta property=\"og:locale\" content=\"ca_ES\" \/>\n<meta property=\"og:type\" content=\"article\" \/>\n<meta property=\"og:title\" content=\"Datadog - ToBeIT\" \/>\n<meta property=\"og:description\" content=\"Monitoritza al n\u00favol amb Datadog: el teu aliat per a un rendiment m\u00e0xim. Aprofita al m\u00e0xim aquesta soluci\u00f3 SaaS dissenyada per a administradors de TI.\" \/>\n<meta property=\"og:url\" content=\"https:\/\/tobeit.deideasmarketing.solutions\/ca\/datadog\/\" \/>\n<meta property=\"og:site_name\" content=\"ToBeIT\" \/>\n<meta property=\"article:publisher\" content=\"https:\/\/www.facebook.com\/grupotobeit\" \/>\n<meta property=\"article:modified_time\" content=\"2025-07-29T10:25:29+00:00\" \/>\n<meta name=\"twitter:card\" content=\"summary_large_image\" \/>\n<script type=\"application\/ld+json\" class=\"yoast-schema-graph\">{\"@context\":\"https:\/\/schema.org\",\"@graph\":[{\"@type\":\"WebPage\",\"@id\":\"https:\/\/tobeit.deideasmarketing.solutions\/ca\/datadog\/\",\"url\":\"https:\/\/tobeit.deideasmarketing.solutions\/ca\/datadog\/\",\"name\":\"Datadog - ToBeIT\",\"isPartOf\":{\"@id\":\"https:\/\/tobeit.deideasmarketing.solutions\/ca\/#website\"},\"datePublished\":\"2023-09-15T09:11:55+00:00\",\"dateModified\":\"2025-07-29T10:25:29+00:00\",\"description\":\"Monitoritza al n\u00favol amb Datadog: el teu aliat per a un rendiment m\u00e0xim. Aprofita al m\u00e0xim aquesta soluci\u00f3 SaaS dissenyada per a administradors de TI.\",\"breadcrumb\":{\"@id\":\"https:\/\/tobeit.deideasmarketing.solutions\/ca\/datadog\/#breadcrumb\"},\"inLanguage\":\"ca\",\"potentialAction\":[{\"@type\":\"ReadAction\",\"target\":[\"https:\/\/tobeit.deideasmarketing.solutions\/ca\/datadog\/\"]}]},{\"@type\":\"BreadcrumbList\",\"@id\":\"https:\/\/tobeit.deideasmarketing.solutions\/ca\/datadog\/#breadcrumb\",\"itemListElement\":[{\"@type\":\"ListItem\",\"position\":1,\"name\":\"Portada\",\"item\":\"https:\/\/tobeit.deideasmarketing.solutions\/ca\/\"},{\"@type\":\"ListItem\",\"position\":2,\"name\":\"Datadog\"}]},{\"@type\":\"WebSite\",\"@id\":\"https:\/\/tobeit.deideasmarketing.solutions\/ca\/#website\",\"url\":\"https:\/\/tobeit.deideasmarketing.solutions\/ca\/\",\"name\":\"ToBeIT\",\"description\":\"[:es]Servicios de monitorizaci\u00f3n del rendimiento de aplicaciones IT[:en]IT solutions, services and security[:ca]Solucions, serveis i seguretat IT[:]\",\"potentialAction\":[{\"@type\":\"SearchAction\",\"target\":{\"@type\":\"EntryPoint\",\"urlTemplate\":\"https:\/\/tobeit.deideasmarketing.solutions\/ca\/?s={search_term_string}\"},\"query-input\":{\"@type\":\"PropertyValueSpecification\",\"valueRequired\":true,\"valueName\":\"search_term_string\"}}],\"inLanguage\":\"ca\"}]}<\/script>\n<!-- \/ Yoast SEO plugin. -->","yoast_head_json":{"title":"Datadog - ToBeIT","description":"Monitoritza al n\u00favol amb Datadog: el teu aliat per a un rendiment m\u00e0xim. Aprofita al m\u00e0xim aquesta soluci\u00f3 SaaS dissenyada per a administradors de TI.","robots":{"index":"noindex","follow":"follow","max-snippet":"max-snippet:-1","max-image-preview":"max-image-preview:large","max-video-preview":"max-video-preview:-1"},"og_locale":"ca_ES","og_type":"article","og_title":"Datadog - ToBeIT","og_description":"Monitoritza al n\u00favol amb Datadog: el teu aliat per a un rendiment m\u00e0xim. Aprofita al m\u00e0xim aquesta soluci\u00f3 SaaS dissenyada per a administradors de TI.","og_url":"https:\/\/tobeit.deideasmarketing.solutions\/ca\/datadog\/","og_site_name":"ToBeIT","article_publisher":"https:\/\/www.facebook.com\/grupotobeit","article_modified_time":"2025-07-29T10:25:29+00:00","twitter_card":"summary_large_image","schema":{"@context":"https:\/\/schema.org","@graph":[{"@type":"WebPage","@id":"https:\/\/tobeit.deideasmarketing.solutions\/ca\/datadog\/","url":"https:\/\/tobeit.deideasmarketing.solutions\/ca\/datadog\/","name":"Datadog - ToBeIT","isPartOf":{"@id":"https:\/\/tobeit.deideasmarketing.solutions\/ca\/#website"},"datePublished":"2023-09-15T09:11:55+00:00","dateModified":"2025-07-29T10:25:29+00:00","description":"Monitoritza al n\u00favol amb Datadog: el teu aliat per a un rendiment m\u00e0xim. Aprofita al m\u00e0xim aquesta soluci\u00f3 SaaS dissenyada per a administradors de TI.","breadcrumb":{"@id":"https:\/\/tobeit.deideasmarketing.solutions\/ca\/datadog\/#breadcrumb"},"inLanguage":"ca","potentialAction":[{"@type":"ReadAction","target":["https:\/\/tobeit.deideasmarketing.solutions\/ca\/datadog\/"]}]},{"@type":"BreadcrumbList","@id":"https:\/\/tobeit.deideasmarketing.solutions\/ca\/datadog\/#breadcrumb","itemListElement":[{"@type":"ListItem","position":1,"name":"Portada","item":"https:\/\/tobeit.deideasmarketing.solutions\/ca\/"},{"@type":"ListItem","position":2,"name":"Datadog"}]},{"@type":"WebSite","@id":"https:\/\/tobeit.deideasmarketing.solutions\/ca\/#website","url":"https:\/\/tobeit.deideasmarketing.solutions\/ca\/","name":"ToBeIT","description":"[:es]Servicios de monitorizaci\u00f3n del rendimiento de aplicaciones IT[:en]IT solutions, services and security[:ca]Solucions, serveis i seguretat IT[:]","potentialAction":[{"@type":"SearchAction","target":{"@type":"EntryPoint","urlTemplate":"https:\/\/tobeit.deideasmarketing.solutions\/ca\/?s={search_term_string}"},"query-input":{"@type":"PropertyValueSpecification","valueRequired":true,"valueName":"search_term_string"}}],"inLanguage":"ca"}]}},"_links":{"self":[{"href":"https:\/\/tobeit.deideasmarketing.solutions\/ca\/wp-json\/wp\/v2\/pages\/7652","targetHints":{"allow":["GET"]}}],"collection":[{"href":"https:\/\/tobeit.deideasmarketing.solutions\/ca\/wp-json\/wp\/v2\/pages"}],"about":[{"href":"https:\/\/tobeit.deideasmarketing.solutions\/ca\/wp-json\/wp\/v2\/types\/page"}],"author":[{"embeddable":true,"href":"https:\/\/tobeit.deideasmarketing.solutions\/ca\/wp-json\/wp\/v2\/users\/1"}],"replies":[{"embeddable":true,"href":"https:\/\/tobeit.deideasmarketing.solutions\/ca\/wp-json\/wp\/v2\/comments?post=7652"}],"version-history":[{"count":5,"href":"https:\/\/tobeit.deideasmarketing.solutions\/ca\/wp-json\/wp\/v2\/pages\/7652\/revisions"}],"predecessor-version":[{"id":7681,"href":"https:\/\/tobeit.deideasmarketing.solutions\/ca\/wp-json\/wp\/v2\/pages\/7652\/revisions\/7681"}],"wp:attachment":[{"href":"https:\/\/tobeit.deideasmarketing.solutions\/ca\/wp-json\/wp\/v2\/media?parent=7652"}],"curies":[{"name":"wp","href":"https:\/\/api.w.org\/{rel}","templated":true}]}}