{"id":7734,"date":"2023-01-30T07:53:41","date_gmt":"2023-01-30T07:53:41","guid":{"rendered":"https:\/\/tobeit.deideasmarketing.solutions\/?page_id=7734"},"modified":"2025-07-30T10:31:11","modified_gmt":"2025-07-30T10:31:11","slug":"certificat-seguretat","status":"publish","type":"page","link":"https:\/\/tobeit.deideasmarketing.solutions\/ca\/certificat-seguretat\/","title":{"rendered":"Certificat Seguretat"},"content":{"rendered":"<h2 style=\"text-align: center;\">CERTIFICAT DE QUALIFICACI\u00d3 DEL NIVELL DE SEGURETAT RESPECTE A L\u2019ENS<\/h2>\n<p>&nbsp;<\/p>\n<p>JOS\u00c9 MIGUEL APARICIO SERRANO, amb NIF 22693106H, en representaci\u00f3 d\u2019IDEAS NORMATIVAS, S. L., amb NIF B98832330 i domicili fiscal situat al DR. VICENTE ZARAGOZ\u00c1, 1 . 2 . 5 46020 VAL\u00c8NCIA (Val\u00e8ncia), com a empresa consultora de privadesa de TOBEIT, S. L., amb NIF B66311341 i domicili fiscal situat al carrer Mallorca 272, 5\u00e8 6a, 08037 Barcelona, amb contracte vigent d\u2019assessorament, adaptaci\u00f3, manteniment i actualitzaci\u00f3 a les normatives de privadesa que li siguin d\u2019aplicaci\u00f3.<\/p>\n<p>&nbsp;<\/p>\n<p style=\"text-align: center;\"><strong>CERTIFICA<\/strong><\/p>\n<p><strong>1. Compliment normatiu GDPR &#8211; LOPDGDD<\/strong><\/p>\n<p>D\u2019acord amb el que estableix el Reglament (UE) 2016\/679, de 27 d\u2019abril (GDPR), i la Llei Org\u00e0nica 3\/2018, de 5 de desembre (LOPDGDD), IDEAS NORMATIVAS, S. L. compleix totes les disposicions del GDPR pel que fa al tractament de dades personals sota la seva responsabilitat, i manifesta que ho fa segons els principis descrits a l\u2019article 5 del GDPR, pels quals les dades s\u00f3n tractades de manera l\u00edcita, lleial i transparent en relaci\u00f3 amb la persona interessada, i de manera adequada, pertinent i limitada al necessari en funci\u00f3 de les finalitats per les quals han estat recollides.<\/p>\n<p>IDEAS NORMATIVAS, S. L. garanteix que ha implementat pol\u00edtiques t\u00e8cniques i organitzatives apropiades per aplicar les mesures de seguretat que estableix l\u2019article 32 del GDPR, amb la finalitat de protegir els drets i llibertats de les persones interessades, i els ha proporcionat la informaci\u00f3 adequada perqu\u00e8 puguin exercir-los.<\/p>\n<p>&nbsp;<\/p>\n<p><strong>2. Qualificaci\u00f3 del nivell de seguretat respecte a l\u2019ENS<\/strong><\/p>\n<p>D\u2019acord amb l\u2019article 1.2 del Reial decret 3\/2010, de 8 de gener, pel qual es regula l\u2019Esquema Nacional de Seguretat en l\u2019\u00e0mbit de l\u2019Administraci\u00f3 Electr\u00f2nica (ENS), IDEAS NORMATIVAS, S. L. assegura l\u2019acc\u00e9s, integritat, disponibilitat, autenticitat, confidencialitat, tra\u00e7abilitat i conservaci\u00f3 de les dades, informacions i serveis utilitzats en mitjans electr\u00f2nics posats a disposici\u00f3 de TOBEIT, S. L. per a la gesti\u00f3 documental relativa al compliment de les normatives de privadesa.<\/p>\n<p>IDEAS NORMATIVAS, S. L. ha valorat l\u2019impacte que tindria sobre l\u2019organitzaci\u00f3 un incident que afect\u00e9s la seguretat de la informaci\u00f3 o dels sistemes, en base als criteris analitzats pel tractament de dades de car\u00e0cter personal en l\u2019\u00e0mbit electr\u00f2nic, i ha determinat que la dimensi\u00f3 de seguretat afectada correspon al nivell BAIX.<\/p>\n<p>VAL\u00c8NCIA, 10\/11\/2022<\/p>\n<p>JOS\u00c9 MIGUEL APARICIO SERRANO | B66311341<\/p>\n<p><img loading=\"lazy\" decoding=\"async\" class=\"wp-image-4556 size-medium alignnone\" src=\"https:\/\/tobeit.deideasmarketing.solutions\/wp-content\/uploads\/2023\/02\/distintivo_ens_declaracion_BASICA_RD311-2022-247x300.png\" alt=\"distintivo_ens_declaracion_basica_rd311-2022\" width=\"247\" height=\"300\" srcset=\"https:\/\/tobeit.deideasmarketing.solutions\/\/wp-content\/uploads\/2023\/02\/distintivo_ens_declaracion_BASICA_RD311-2022-247x300.png 247w, https:\/\/tobeit.deideasmarketing.solutions\/\/wp-content\/uploads\/2023\/02\/distintivo_ens_declaracion_BASICA_RD311-2022-768x934.png 768w, https:\/\/tobeit.deideasmarketing.solutions\/\/wp-content\/uploads\/2023\/02\/distintivo_ens_declaracion_BASICA_RD311-2022-842x1024.png 842w, https:\/\/tobeit.deideasmarketing.solutions\/\/wp-content\/uploads\/2023\/02\/distintivo_ens_declaracion_BASICA_RD311-2022.png 925w\" sizes=\"auto, (max-width: 247px) 100vw, 247px\" \/><\/p>\n","protected":false},"excerpt":{"rendered":"<p>CERTIFICAT DE QUALIFICACI\u00d3 DEL NIVELL DE SEGURETAT RESPECTE A L\u2019ENS &nbsp; JOS\u00c9 MIGUEL APARICIO SERRANO, amb NIF 22693106H, en representaci\u00f3 d\u2019IDEAS NORMATIVAS, S. L., amb NIF B98832330 i domicili fiscal situat al DR. VICENTE ZARAGOZ\u00c1, 1 . 2 . 5 46020 VAL\u00c8NCIA (Val\u00e8ncia), com a empresa consultora de privadesa de TOBEIT, S. L., amb NIF [&hellip;]<\/p>\n","protected":false},"author":1,"featured_media":0,"parent":0,"menu_order":0,"comment_status":"closed","ping_status":"closed","template":"templates\/dms-template-new-legal.php","meta":{"footnotes":""},"class_list":["post-7734","page","type-page","status-publish","hentry"],"yoast_head":"<!-- This site is optimized with the Yoast SEO plugin v26.0 - https:\/\/yoast.com\/wordpress\/plugins\/seo\/ -->\n<title>Certificat Seguretat - ToBeIT<\/title>\n<meta name=\"robots\" content=\"noindex, follow\" \/>\n<meta property=\"og:locale\" content=\"ca_ES\" \/>\n<meta property=\"og:type\" content=\"article\" \/>\n<meta property=\"og:title\" content=\"Certificat Seguretat - ToBeIT\" \/>\n<meta property=\"og:description\" content=\"CERTIFICAT DE QUALIFICACI\u00d3 DEL NIVELL DE SEGURETAT RESPECTE A L\u2019ENS &nbsp; JOS\u00c9 MIGUEL APARICIO SERRANO, amb NIF 22693106H, en representaci\u00f3 d\u2019IDEAS NORMATIVAS, S. L., amb NIF B98832330 i domicili fiscal situat al DR. VICENTE ZARAGOZ\u00c1, 1 . 2 . 5 46020 VAL\u00c8NCIA (Val\u00e8ncia), com a empresa consultora de privadesa de TOBEIT, S. L., amb NIF [&hellip;]\" \/>\n<meta property=\"og:url\" content=\"https:\/\/tobeit.deideasmarketing.solutions\/ca\/certificat-seguretat\/\" \/>\n<meta property=\"og:site_name\" content=\"ToBeIT\" \/>\n<meta property=\"article:publisher\" content=\"https:\/\/www.facebook.com\/grupotobeit\" \/>\n<meta property=\"article:modified_time\" content=\"2025-07-30T10:31:11+00:00\" \/>\n<meta property=\"og:image\" content=\"https:\/\/tobeit.deideasmarketing.solutions\/\/wp-content\/uploads\/2023\/02\/distintivo_ens_declaracion_BASICA_RD311-2022.png\" \/>\n\t<meta property=\"og:image:width\" content=\"925\" \/>\n\t<meta property=\"og:image:height\" content=\"1125\" \/>\n\t<meta property=\"og:image:type\" content=\"image\/png\" \/>\n<meta name=\"twitter:card\" content=\"summary_large_image\" \/>\n<meta name=\"twitter:label1\" content=\"Temps estimat de lectura\" \/>\n\t<meta name=\"twitter:data1\" content=\"2 minuts\" \/>\n<script type=\"application\/ld+json\" class=\"yoast-schema-graph\">{\"@context\":\"https:\/\/schema.org\",\"@graph\":[{\"@type\":\"WebPage\",\"@id\":\"https:\/\/tobeit.deideasmarketing.solutions\/ca\/certificat-seguretat\/\",\"url\":\"https:\/\/tobeit.deideasmarketing.solutions\/ca\/certificat-seguretat\/\",\"name\":\"Certificat Seguretat - ToBeIT\",\"isPartOf\":{\"@id\":\"https:\/\/tobeit.deideasmarketing.solutions\/ca\/#website\"},\"primaryImageOfPage\":{\"@id\":\"https:\/\/tobeit.deideasmarketing.solutions\/ca\/certificat-seguretat\/#primaryimage\"},\"image\":{\"@id\":\"https:\/\/tobeit.deideasmarketing.solutions\/ca\/certificat-seguretat\/#primaryimage\"},\"thumbnailUrl\":\"https:\/\/tobeit.deideasmarketing.solutions\/wp-content\/uploads\/2023\/02\/distintivo_ens_declaracion_BASICA_RD311-2022-247x300.png\",\"datePublished\":\"2023-01-30T07:53:41+00:00\",\"dateModified\":\"2025-07-30T10:31:11+00:00\",\"breadcrumb\":{\"@id\":\"https:\/\/tobeit.deideasmarketing.solutions\/ca\/certificat-seguretat\/#breadcrumb\"},\"inLanguage\":\"ca\",\"potentialAction\":[{\"@type\":\"ReadAction\",\"target\":[\"https:\/\/tobeit.deideasmarketing.solutions\/ca\/certificat-seguretat\/\"]}]},{\"@type\":\"ImageObject\",\"inLanguage\":\"ca\",\"@id\":\"https:\/\/tobeit.deideasmarketing.solutions\/ca\/certificat-seguretat\/#primaryimage\",\"url\":\"https:\/\/tobeit.deideasmarketing.solutions\/wp-content\/uploads\/2023\/02\/distintivo_ens_declaracion_BASICA_RD311-2022-247x300.png\",\"contentUrl\":\"https:\/\/tobeit.deideasmarketing.solutions\/wp-content\/uploads\/2023\/02\/distintivo_ens_declaracion_BASICA_RD311-2022-247x300.png\"},{\"@type\":\"BreadcrumbList\",\"@id\":\"https:\/\/tobeit.deideasmarketing.solutions\/ca\/certificat-seguretat\/#breadcrumb\",\"itemListElement\":[{\"@type\":\"ListItem\",\"position\":1,\"name\":\"Portada\",\"item\":\"https:\/\/tobeit.deideasmarketing.solutions\/ca\/\"},{\"@type\":\"ListItem\",\"position\":2,\"name\":\"Certificat Seguretat\"}]},{\"@type\":\"WebSite\",\"@id\":\"https:\/\/tobeit.deideasmarketing.solutions\/ca\/#website\",\"url\":\"https:\/\/tobeit.deideasmarketing.solutions\/ca\/\",\"name\":\"ToBeIT\",\"description\":\"[:es]Servicios de monitorizaci\u00f3n del rendimiento de aplicaciones IT[:en]IT solutions, services and security[:ca]Solucions, serveis i seguretat IT[:]\",\"potentialAction\":[{\"@type\":\"SearchAction\",\"target\":{\"@type\":\"EntryPoint\",\"urlTemplate\":\"https:\/\/tobeit.deideasmarketing.solutions\/ca\/?s={search_term_string}\"},\"query-input\":{\"@type\":\"PropertyValueSpecification\",\"valueRequired\":true,\"valueName\":\"search_term_string\"}}],\"inLanguage\":\"ca\"}]}<\/script>\n<!-- \/ Yoast SEO plugin. -->","yoast_head_json":{"title":"Certificat Seguretat - ToBeIT","robots":{"index":"noindex","follow":"follow"},"og_locale":"ca_ES","og_type":"article","og_title":"Certificat Seguretat - ToBeIT","og_description":"CERTIFICAT DE QUALIFICACI\u00d3 DEL NIVELL DE SEGURETAT RESPECTE A L\u2019ENS &nbsp; JOS\u00c9 MIGUEL APARICIO SERRANO, amb NIF 22693106H, en representaci\u00f3 d\u2019IDEAS NORMATIVAS, S. L., amb NIF B98832330 i domicili fiscal situat al DR. VICENTE ZARAGOZ\u00c1, 1 . 2 . 5 46020 VAL\u00c8NCIA (Val\u00e8ncia), com a empresa consultora de privadesa de TOBEIT, S. L., amb NIF [&hellip;]","og_url":"https:\/\/tobeit.deideasmarketing.solutions\/ca\/certificat-seguretat\/","og_site_name":"ToBeIT","article_publisher":"https:\/\/www.facebook.com\/grupotobeit","article_modified_time":"2025-07-30T10:31:11+00:00","og_image":[{"width":925,"height":1125,"url":"https:\/\/tobeit.deideasmarketing.solutions\/\/wp-content\/uploads\/2023\/02\/distintivo_ens_declaracion_BASICA_RD311-2022.png","type":"image\/png"}],"twitter_card":"summary_large_image","twitter_misc":{"Temps estimat de lectura":"2 minuts"},"schema":{"@context":"https:\/\/schema.org","@graph":[{"@type":"WebPage","@id":"https:\/\/tobeit.deideasmarketing.solutions\/ca\/certificat-seguretat\/","url":"https:\/\/tobeit.deideasmarketing.solutions\/ca\/certificat-seguretat\/","name":"Certificat Seguretat - ToBeIT","isPartOf":{"@id":"https:\/\/tobeit.deideasmarketing.solutions\/ca\/#website"},"primaryImageOfPage":{"@id":"https:\/\/tobeit.deideasmarketing.solutions\/ca\/certificat-seguretat\/#primaryimage"},"image":{"@id":"https:\/\/tobeit.deideasmarketing.solutions\/ca\/certificat-seguretat\/#primaryimage"},"thumbnailUrl":"https:\/\/tobeit.deideasmarketing.solutions\/wp-content\/uploads\/2023\/02\/distintivo_ens_declaracion_BASICA_RD311-2022-247x300.png","datePublished":"2023-01-30T07:53:41+00:00","dateModified":"2025-07-30T10:31:11+00:00","breadcrumb":{"@id":"https:\/\/tobeit.deideasmarketing.solutions\/ca\/certificat-seguretat\/#breadcrumb"},"inLanguage":"ca","potentialAction":[{"@type":"ReadAction","target":["https:\/\/tobeit.deideasmarketing.solutions\/ca\/certificat-seguretat\/"]}]},{"@type":"ImageObject","inLanguage":"ca","@id":"https:\/\/tobeit.deideasmarketing.solutions\/ca\/certificat-seguretat\/#primaryimage","url":"https:\/\/tobeit.deideasmarketing.solutions\/wp-content\/uploads\/2023\/02\/distintivo_ens_declaracion_BASICA_RD311-2022-247x300.png","contentUrl":"https:\/\/tobeit.deideasmarketing.solutions\/wp-content\/uploads\/2023\/02\/distintivo_ens_declaracion_BASICA_RD311-2022-247x300.png"},{"@type":"BreadcrumbList","@id":"https:\/\/tobeit.deideasmarketing.solutions\/ca\/certificat-seguretat\/#breadcrumb","itemListElement":[{"@type":"ListItem","position":1,"name":"Portada","item":"https:\/\/tobeit.deideasmarketing.solutions\/ca\/"},{"@type":"ListItem","position":2,"name":"Certificat Seguretat"}]},{"@type":"WebSite","@id":"https:\/\/tobeit.deideasmarketing.solutions\/ca\/#website","url":"https:\/\/tobeit.deideasmarketing.solutions\/ca\/","name":"ToBeIT","description":"[:es]Servicios de monitorizaci\u00f3n del rendimiento de aplicaciones IT[:en]IT solutions, services and security[:ca]Solucions, serveis i seguretat IT[:]","potentialAction":[{"@type":"SearchAction","target":{"@type":"EntryPoint","urlTemplate":"https:\/\/tobeit.deideasmarketing.solutions\/ca\/?s={search_term_string}"},"query-input":{"@type":"PropertyValueSpecification","valueRequired":true,"valueName":"search_term_string"}}],"inLanguage":"ca"}]}},"_links":{"self":[{"href":"https:\/\/tobeit.deideasmarketing.solutions\/ca\/wp-json\/wp\/v2\/pages\/7734","targetHints":{"allow":["GET"]}}],"collection":[{"href":"https:\/\/tobeit.deideasmarketing.solutions\/ca\/wp-json\/wp\/v2\/pages"}],"about":[{"href":"https:\/\/tobeit.deideasmarketing.solutions\/ca\/wp-json\/wp\/v2\/types\/page"}],"author":[{"embeddable":true,"href":"https:\/\/tobeit.deideasmarketing.solutions\/ca\/wp-json\/wp\/v2\/users\/1"}],"replies":[{"embeddable":true,"href":"https:\/\/tobeit.deideasmarketing.solutions\/ca\/wp-json\/wp\/v2\/comments?post=7734"}],"version-history":[{"count":5,"href":"https:\/\/tobeit.deideasmarketing.solutions\/ca\/wp-json\/wp\/v2\/pages\/7734\/revisions"}],"predecessor-version":[{"id":7742,"href":"https:\/\/tobeit.deideasmarketing.solutions\/ca\/wp-json\/wp\/v2\/pages\/7734\/revisions\/7742"}],"wp:attachment":[{"href":"https:\/\/tobeit.deideasmarketing.solutions\/ca\/wp-json\/wp\/v2\/media?parent=7734"}],"curies":[{"name":"wp","href":"https:\/\/api.w.org\/{rel}","templated":true}]}}