{"id":8275,"date":"2016-10-20T10:53:16","date_gmt":"2016-10-20T10:53:16","guid":{"rendered":"https:\/\/tobeit.deideasmarketing.solutions\/?page_id=8275"},"modified":"2025-07-30T07:30:32","modified_gmt":"2025-07-30T07:30:32","slug":"politica-de-cookies","status":"publish","type":"page","link":"https:\/\/tobeit.deideasmarketing.solutions\/ca\/politica-de-cookies\/","title":{"rendered":"Pol\u00edtica de Cookies"},"content":{"rendered":"<h3 style=\"text-align: center;\">INFORMACI\u00d3 SOBRE COOKIES<\/h3>\n<p>D\u2019acord amb la Llei 34\/2002, de l\u201911 de juliol, de serveis de la societat de la informaci\u00f3 i de comer\u00e7 electr\u00f2nic (LSSI), i en relaci\u00f3 amb el Reglament (UE) 2016\/679 del Parlament Europeu i del Consell, de 27 d\u2019abril de 2016, Reglament general de protecci\u00f3 de dades (RGPD) i la Llei Org\u00e0nica 3\/2018, de 5 de desembre, de protecci\u00f3 de dades i garantia dels drets digitals (LOPDGDD), \u00e9s obligatori obtenir el consentiment expr\u00e9s de l\u2019usuari de totes les p\u00e0gines web que utilitzen cookies prescindibles, abans que aquest hi navegui.<\/p>\n<p>&nbsp;<\/p>\n<h3 style=\"text-align: center;\">QU\u00c8 S\u00d3N LES COOKIES?<\/h3>\n<p>Les cookies i altres tecnologies similars com ara local shared objects, flash cookies o p\u00edxels, s\u00f3n eines emprades pels servidors web per emmagatzemar i recuperar informaci\u00f3 sobre els seus visitants, aix\u00ed com per oferir un correcte funcionament del lloc.<\/p>\n<p>Mitjan\u00e7ant l\u2019\u00fas d\u2019aquests dispositius es permet al servidor web recordar algunes dades rellevants de l\u2019usuari, com les seves prefer\u00e8ncies per a la visualitzaci\u00f3 de les p\u00e0gines d\u2019aquest servidor, nom i contrasenya, productes que m\u00e9s li interessen, etc.<\/p>\n<p>&nbsp;<\/p>\n<h3 style=\"text-align: center;\">COOKIES AFECTADES PER LA NORMATIVA I COOKIES EXEMPTES<\/h3>\n<p>Segons la directiva de la UE, les cookies que requereixen el consentiment informat per part de l\u2019usuari s\u00f3n les cookies d\u2019anal\u00edtica i les de publicitat i afiliaci\u00f3, quedant exemptes les de car\u00e0cter t\u00e8cnic i les necess\u00e0ries per al funcionament del lloc web o la prestaci\u00f3 de serveis expressament sol\u00b7licitats per l\u2019usuari.<\/p>\n<p>&nbsp;<\/p>\n<h3 style=\"text-align: center;\">TIPUS DE COOKIES<\/h3>\n<p><strong>SEGONS LA FINALITAT<\/strong><\/p>\n<ul>\n<li><strong>Cookies t\u00e8cniques i funcionals:<\/strong> s\u00f3n aquelles que permeten a l\u2019usuari la navegaci\u00f3 a trav\u00e9s d\u2019una p\u00e0gina web, plataforma o aplicaci\u00f3 i la utilitzaci\u00f3 de les diferents opcions o serveis que hi hagi.<\/li>\n<li><strong>Cookies anal\u00edtiques:<\/strong> s\u00f3n aquelles que permeten al responsable d\u2019aquestes el seguiment i an\u00e0lisi del comportament dels usuaris dels llocs web als quals estan vinculades. La informaci\u00f3 recollida mitjan\u00e7ant aquest tipus de cookies s\u2019utilitza per a la mesura de l\u2019activitat dels llocs web, aplicacions o plataformes i per a l\u2019elaboraci\u00f3 de perfils de navegaci\u00f3 dels usuaris d\u2019aquests llocs, aplicacions i plataformes, amb la finalitat d\u2019introduir millores en funci\u00f3 de l\u2019an\u00e0lisi de les dades d\u2019\u00fas que fan els usuaris del servei.<\/li>\n<li><strong>Cookies publicit\u00e0ries:<\/strong> s\u00f3n aquelles que permeten la gesti\u00f3, de la forma m\u00e9s efica\u00e7 possible, dels espais publicitaris que, si escau, l\u2019editor hagi incl\u00f2s en una p\u00e0gina web, aplicaci\u00f3 o plataforma des de la qual presta el servei sol\u00b7licitat en base a criteris com el contingut editat o la freq\u00fc\u00e8ncia amb qu\u00e8 es mostren els anuncis.<\/li>\n<li><strong>Cookies de publicitat comportamental:<\/strong> recullen informaci\u00f3 sobre les prefer\u00e8ncies i eleccions personals de l\u2019usuari (retargeting) per permetre la gesti\u00f3, de la forma m\u00e9s efica\u00e7 possible, dels espais publicitaris que, si escau, l\u2019editor hagi incl\u00f2s en una p\u00e0gina web, aplicaci\u00f3 o plataforma des de la qual presta el servei sol\u00b7licitat.<\/li>\n<li><strong>Cookies socials:<\/strong> s\u00f3n establertes per les plataformes de xarxes socials en els serveis per permetre compartir contingut amb els seus amics i xarxes. Les plataformes de mitjans socials tenen la capacitat de rastrejar la seva activitat en l\u00ednia fora dels serveis. Aix\u00f2 pot afectar el contingut i els missatges que veu en altres serveis que visita.<\/li>\n<li><strong>Cookies d\u2019afiliats:<\/strong> permeten fer un seguiment de les visites procedents d\u2019altres webs, amb les quals el lloc web estableix un contracte d\u2019afiliaci\u00f3 (empreses d\u2019afiliaci\u00f3).<\/li>\n<li><strong>Cookies de seguretat:<\/strong> emmagatzemen informaci\u00f3 xifrada per evitar que les dades guardades en elles siguin vulnerables a atacs maliciosos de tercers.<\/li>\n<\/ul>\n<p><strong>SEGONS LA PROPIETAT<\/strong><\/p>\n<ul>\n<li><strong>Cookies pr\u00f2pies:<\/strong> s\u00f3n aquelles que s\u2019envien a l\u2019equip terminal de l\u2019usuari des d\u2019un equip o domini gestionat pel mateix editor i des del qual es presta el servei sol\u00b7licitat per l\u2019usuari.<\/li>\n<li><strong>Cookies de tercers:<\/strong> s\u00f3n aquelles que s\u2019envien a l\u2019equip terminal de l\u2019usuari des d\u2019un equip o domini que no \u00e9s gestionat per l\u2019editor, sin\u00f3 per una altra entitat que tracta les dades obtingudes a trav\u00e9s de les cookies.<\/li>\n<\/ul>\n<p><strong>SEGONS EL TERMINI DE CONSERVACI\u00d3<\/strong><\/p>\n<ul>\n<li><strong>Cookies de sessi\u00f3:<\/strong> s\u00f3n un tipus de cookies dissenyades per recollir i emmagatzemar dades mentre l\u2019usuari accedeix a una p\u00e0gina web.<\/li>\n<li><strong>Cookies persistents:<\/strong> s\u00f3n un tipus de cookies en qu\u00e8 les dades continuen emmagatzemades en el terminal i poden ser accedides i tractades durant un per\u00edode definit pel responsable de la cookie, que pot anar d\u2019uns minuts a diversos anys.<\/li>\n<\/ul>\n<p>&nbsp;<\/p>\n<h3 style=\"text-align: center;\">TRACTAMENT DE DADES PERSONALS<\/h3>\n<p>ToBeIT, S.L. \u00e9s el <strong>Responsable del tractament<\/strong> de les dades personals de l\u2019<strong>Interessat<\/strong> i l\u2019informa que aquestes dades seran tractades d\u2019acord amb el que disposa el Reglament (UE) 2016\/679, de 27 d\u2019abril de 2016 (RGPD), per la qual cosa se li facilita la seg\u00fcent informaci\u00f3 sobre el tractament:<\/p>\n<p><strong>Fins del tractament:<\/strong> segons s\u2019especifica a l\u2019apartat de cookies que s\u2019utilitzen en aquest lloc web.<\/p>\n<p><strong>Legitimaci\u00f3 del tractament:<\/strong> excepte en els casos en qu\u00e8 sigui necessari per a la navegaci\u00f3 per la web, per consentiment de l\u2019interessat (art. 6.1 RGPD).<\/p>\n<p><strong>Criteris de conservaci\u00f3 de les dades:<\/strong> segons s\u2019especifica a l\u2019apartat de cookies utilitzades en la web.<\/p>\n<p><strong>Comunicaci\u00f3 de les dades:<\/strong> no es comunicaran les dades a tercers, excepte en cookies propietat de tercers o per obligaci\u00f3 legal.<\/p>\n<p><strong>Drets que assisteixen a l\u2019Interessat:<\/strong><\/p>\n<ul>\n<li>Dret a retirar el consentiment en qualsevol moment.<\/li>\n<li>Dret d\u2019acc\u00e9s, rectificaci\u00f3, portabilitat i supressi\u00f3 de les seves dades, i de limitaci\u00f3 o oposici\u00f3 al seu tractament.<\/li>\n<li>Dret a presentar una reclamaci\u00f3 davant l\u2019Autoritat de control (www.aepd.es) si considera que el tractament no s\u2019ajusta a la normativa vigent.<\/li>\n<\/ul>\n<p><strong>Dades de contacte per exercir els seus drets:<\/strong><br \/>\nToBeIT, S.L. Mallorca 272, 5\u00ba 6\u00aa, 08037 Barcelona. E-mail: <a href=\"&#x6d;&#x61;&#105;&#108;to&#x3a;&#x69;&#x6e;&#102;o&#64;&#x74;&#x6f;&#x62;&#101;&#105;t&#x2e;&#x65;&#x73;\">&#105;&#110;&#x66;o&#64;&#x74;&#x6f;b&#101;&#x69;&#x74;&#46;&#101;&#x73;<\/a><\/p>\n<p>&nbsp;<\/p>\n<h3 style=\"text-align: center;\">COOKIES UTILITZADES EN AQUEST LLOC WEB<\/h3>\n<table>\n<thead>\n<tr>\n<td style=\"text-align: center;\" colspan=\"3\"><strong>COOKIES CONTROLADES PEL EDITOR<\/strong><\/td>\n<\/tr>\n<\/thead>\n<tbody>\n<tr class=\"hide-in-mbl\">\n<td><b>Cookie<\/b><\/td>\n<td><b>Funcionalitat<\/b><\/td>\n<td><b>Durada<\/b><\/td>\n<\/tr>\n<tr>\n<td><b class=\"show-in-mbl\">Cookie: <\/b>pd_cc<\/td>\n<td><b class=\"show-in-mbl\">Funcionalitat: <\/b>per a la utilitzaci\u00f3 de les opcions i serveis del lloc web.<\/td>\n<td><b class=\"show-in-mbl\">Durada: <\/b>1 any<\/td>\n<\/tr>\n<\/tbody>\n<\/table>\n<table>\n<thead>\n<tr>\n<td style=\"text-align: center;\" colspan=\"4\"><strong>COOKIES DE TERCERS<\/strong><\/td>\n<\/tr>\n<\/thead>\n<tbody>\n<tr>\n<td colspan=\"4\">Els serveis de tercers s\u00f3n aliens al control de l\u2019editor. Els prove\u00efdors poden modificar en qualsevol moment les seves condicions de servei, finalitat i utilitzaci\u00f3 de les cookies, etc.<\/p>\n<p><strong>Prove\u00efdors externs d\u2019aquest lloc web:<\/strong><\/td>\n<\/tr>\n<tr class=\"hide-in-mbl\">\n<td><b>Cookie<\/b><\/td>\n<td><b>Funcionalitat<\/b><\/td>\n<td><b>Durada<\/b><\/td>\n<td><b>Prove\u00efdor<\/b><\/td>\n<\/tr>\n<tr>\n<td><b class=\"show-in-mbl\">Cookie: <\/b>PHPSESSID<\/td>\n<td><b class=\"show-in-mbl\">Funcionalitat: <\/b>per proporcionar funcions a trav\u00e9s de les p\u00e0gines.<\/td>\n<td><b class=\"show-in-mbl\">Durada: <\/b>Sessi\u00f3<\/td>\n<td><b class=\"show-in-mbl\">Prove\u00efdor: <\/b>PHP<\/td>\n<\/tr>\n<tr class=\"show-in-mbl\">\n<td style=\"display: block; background-color: #c9c9c9;\"><\/td>\n<\/tr>\n<tr>\n<td><b class=\"show-in-mbl\">Cookie: <\/b>_ga<\/td>\n<td><b class=\"show-in-mbl\">Funcionalitat: <\/b>per emmagatzemar i comptar p\u00e0gines vistes.<\/td>\n<td><b class=\"show-in-mbl\">Durada: <\/b>2 anys<\/td>\n<td><b class=\"show-in-mbl\">Prove\u00efdor: <\/b>Google Analytics<\/td>\n<\/tr>\n<tr class=\"show-in-mbl\">\n<td style=\"display: block; background-color: #c9c9c9;\"><\/td>\n<\/tr>\n<tr>\n<td><b class=\"show-in-mbl\">Cookie: <\/b>_gat<\/td>\n<td><b class=\"show-in-mbl\">Funcionalitat: <\/b>per llegir i filtrar sol\u00b7licituds de bots.<\/td>\n<td><b class=\"show-in-mbl\">Durada: <\/b>1 minut<\/td>\n<td><b class=\"show-in-mbl\">Prove\u00efdor: <\/b>Google Analytics<\/td>\n<\/tr>\n<tr class=\"show-in-mbl\">\n<td style=\"display: block; background-color: #c9c9c9;\"><\/td>\n<\/tr>\n<tr>\n<td><b class=\"show-in-mbl\">Cookie: <\/b>_gat_gtag_UA_*<\/td>\n<td><b class=\"show-in-mbl\">Funcionalitat: <\/b>per emmagatzemar una identificaci\u00f3 d\u2019usuari \u00fanica.<\/td>\n<td><b class=\"show-in-mbl\">Durada: <\/b>2 minuts<\/td>\n<td><b class=\"show-in-mbl\">Prove\u00efdor: <\/b>Google Analytics<\/td>\n<\/tr>\n<tr class=\"show-in-mbl\">\n<td style=\"display: block; background-color: #c9c9c9;\"><\/td>\n<\/tr>\n<tr>\n<td><b class=\"show-in-mbl\">Cookie: <\/b>_gcl_au<\/td>\n<td><b class=\"show-in-mbl\">Funcionalitat: <\/b>per emmagatzemar i fer un seguiment de les conversions.<\/td>\n<td><b class=\"show-in-mbl\">Durada: <\/b>Persistents<\/td>\n<td><b class=\"show-in-mbl\">Prove\u00efdor: <\/b>Google Adsense<\/td>\n<\/tr>\n<tr class=\"show-in-mbl\">\n<td style=\"display: block; background-color: #c9c9c9;\"><\/td>\n<\/tr>\n<tr>\n<td><b class=\"show-in-mbl\">Cookie: <\/b>_gid<\/td>\n<td><b class=\"show-in-mbl\">Funcionalitat: <\/b>per emmagatzemar i comptar p\u00e0gines vistes.<\/td>\n<td><b class=\"show-in-mbl\">Durada: <\/b>1 dia<\/td>\n<td><b class=\"show-in-mbl\">Prove\u00efdor: <\/b>Google Analytics<\/td>\n<\/tr>\n<tr class=\"show-in-mbl\">\n<td style=\"display: block; background-color: #c9c9c9;\"><\/td>\n<\/tr>\n<tr>\n<td><b class=\"show-in-mbl\">Cookie: <\/b>qtrans_front_language<\/td>\n<td><b class=\"show-in-mbl\">Funcionalitat: <\/b>per emmagatzemar la configuraci\u00f3 d\u2019idioma.<\/td>\n<td><b class=\"show-in-mbl\">Durada: <\/b>Sessi\u00f3<\/td>\n<td><b class=\"show-in-mbl\">Prove\u00efdor: <\/b>Q Translate<\/td>\n<\/tr>\n<tr class=\"show-in-mbl\">\n<td style=\"display: block; background-color: #c9c9c9;\"><\/td>\n<\/tr>\n<tr>\n<td><b class=\"show-in-mbl\">Cookie: <\/b>wfvt_*<\/td>\n<td><b class=\"show-in-mbl\">Funcionalitat: <\/b>per proporcionar prevenci\u00f3 de frau.<\/td>\n<td><b class=\"show-in-mbl\">Durada: <\/b>30 min<\/td>\n<td><b class=\"show-in-mbl\">Prove\u00efdor: <\/b>Wordfence<\/td>\n<\/tr>\n<tr class=\"show-in-mbl\">\n<td style=\"display: block; background-color: #c9c9c9;\"><\/td>\n<\/tr>\n<tr>\n<td><b class=\"show-in-mbl\">Cookie: <\/b>wfvt_*_nonce<\/td>\n<td><b class=\"show-in-mbl\">Funcionalitat: <\/b>per proporcionar prevenci\u00f3 de frau.<\/td>\n<td><b class=\"show-in-mbl\">Durada: <\/b>30 min<\/td>\n<td><b class=\"show-in-mbl\">Prove\u00efdor: <\/b>Wordfence<\/td>\n<\/tr>\n<tr class=\"show-in-mbl\">\n<td style=\"display: block; background-color: #c9c9c9;\"><\/td>\n<\/tr>\n<tr>\n<td><b class=\"show-in-mbl\">Cookie: <\/b>wfwaf-authcookie-*<\/td>\n<td><b class=\"show-in-mbl\">Funcionalitat: <\/b>per proporcionar prevenci\u00f3 de frau.<\/td>\n<td><b class=\"show-in-mbl\">Durada: <\/b>2 dies<\/td>\n<td><b class=\"show-in-mbl\">Prove\u00efdor: <\/b>Wordfence<\/td>\n<\/tr>\n<\/tbody>\n<\/table>\n<p><strong>PANEL DE CONFIGURACI\u00d3 DE COOKIES<\/strong><\/p>\n<table>\n<tbody>\n<tr>\n<td>Des d\u2019aquest panell podr\u00e0 configurar les cookies que el lloc web pot instal\u00b7lar al seu navegador, excepte les cookies t\u00e8cniques o funcionals que s\u00f3n necess\u00e0ries per a la navegaci\u00f3 i la utilitzaci\u00f3 de les diferents opcions o serveis que s\u2019ofereixen.<\/p>\n<p style=\"text-align: center;\"><a class=\"pdcc-open-modal\" style=\"text-align: center;\" href=\"#\">Panel de cookies<\/a><\/p>\n<\/td>\n<\/tr>\n<\/tbody>\n<\/table>\n<table>\n<thead>\n<tr>\n<td style=\"text-align: center;\" colspan=\"2\"><strong>COM GESTIONAR LES COOKIES DES DEL NAVEGADOR<\/strong><\/td>\n<\/tr>\n<\/thead>\n<tbody>\n<tr>\n<td><strong>Eliminar les cookies del dispositiu<\/strong><\/td>\n<td>Les cookies que ja hi ha en un dispositiu es poden eliminar esborrant l\u2019historial del navegador, amb la qual cosa se suprimeixen les cookies de tots els llocs web visitats. Tanmateix, tamb\u00e9 es pot perdre part de la informaci\u00f3 emmagatzemada (per exemple, les dades d\u2019inici de sessi\u00f3 o les prefer\u00e8ncies del lloc web).<\/td>\n<\/tr>\n<tr>\n<td><strong>Gestionar les cookies espec\u00edfiques del lloc<\/strong><\/td>\n<td>Per tenir un control m\u00e9s prec\u00eds de les cookies espec\u00edfiques de cada lloc, els usuaris poden ajustar la configuraci\u00f3 de privacitat i cookies al navegador.<\/td>\n<\/tr>\n<tr>\n<td><strong>Bloquejar les cookies<\/strong><\/td>\n<td>Encara que la majoria dels navegadors moderns es poden configurar per evitar que s\u2019instal\u00b7lin cookies als dispositius, aix\u00f2 pot obligar a ajustar manualment determinades prefer\u00e8ncies cada cop que es visiti un lloc o p\u00e0gina. A m\u00e9s, alguns serveis i funcions poden no funcionar correctament (per exemple, els inicis de sessi\u00f3 amb perfil).<\/td>\n<\/tr>\n<\/tbody>\n<\/table>\n<table>\n<thead>\n<tr>\n<td style=\"text-align: center;\" colspan=\"2\"><strong>COM ELIMINAR LES COOKIES DELS NAVEGADORS M\u00c9S COMUNS<\/strong><\/td>\n<\/tr>\n<\/thead>\n<tbody>\n<tr>\n<td><strong>Chrome<\/strong><\/td>\n<td>Mira com fer-ho en aquest <a href=\"http:\/\/support.google.com\/chrome\/answer\/95647?hl=es\">enlla\u00e7<\/a><\/td>\n<\/tr>\n<tr>\n<td><strong>Edge<\/strong><\/td>\n<td>Mira com fer-ho en aquest <a href=\"https:\/\/support.microsoft.com\/es-es\/microsoft-edge\/eliminar-las-cookies-en-microsoft-edge-63947406-40ac-c3b8-57b9-2a946a29ae09\">enlla\u00e7<\/a><\/td>\n<\/tr>\n<tr>\n<td><strong>Explorer<\/strong><\/td>\n<td>Mira com fer-ho en aquest <a href=\"https:\/\/support.microsoft.com\/es-es\/help\/278835\/how-to-delete-cookie-files-in-internet-explorer\">enlla\u00e7<\/a><\/td>\n<\/tr>\n<tr>\n<td><strong>Firefox<\/strong><\/td>\n<td>Mira com fer-ho en aquest <a href=\"https:\/\/www.mozilla.org\/es-ES\/privacy\/websites\/#cookies\">enlla\u00e7<\/a><\/td>\n<\/tr>\n<tr>\n<td><strong>Safari<\/strong><\/td>\n<td>Mira com fer-ho en aquest <a href=\"https:\/\/support.apple.com\/es-es\/guide\/safari\/sfri11471\/mac\">enlla\u00e7<\/a><\/td>\n<\/tr>\n<tr>\n<td><strong>Opera<\/strong><\/td>\n<td>Mira com fer-ho en aquest <a href=\"https:\/\/help.opera.com\/en\/latest\/security-and-privacy\/#clearBrowsingData\">enlla\u00e7<\/a><\/td>\n<\/tr>\n<\/tbody>\n<\/table>\n","protected":false},"excerpt":{"rendered":"<p>INFORMACI\u00d3 SOBRE COOKIES D\u2019acord amb la Llei 34\/2002, de l\u201911 de juliol, de serveis de la societat de la informaci\u00f3 i de comer\u00e7 electr\u00f2nic (LSSI), i en relaci\u00f3 amb el Reglament (UE) 2016\/679 del Parlament Europeu i del Consell, de 27 d\u2019abril de 2016, Reglament general de protecci\u00f3 de dades (RGPD) i la Llei Org\u00e0nica [&hellip;]<\/p>\n","protected":false},"author":1,"featured_media":0,"parent":0,"menu_order":0,"comment_status":"closed","ping_status":"closed","template":"templates\/dms-template-new-legal.php","meta":{"footnotes":""},"class_list":["post-8275","page","type-page","status-publish","hentry"],"yoast_head":"<!-- This site is optimized with the Yoast SEO plugin v26.0 - https:\/\/yoast.com\/wordpress\/plugins\/seo\/ -->\n<title>Pol\u00edtica de Cookies - ToBeIT<\/title>\n<meta name=\"description\" content=\"En aquesta p\u00e0gina pots consultar la Pol\u00edtica de Cookies de ToBeIT\" \/>\n<meta name=\"robots\" content=\"noindex, follow\" \/>\n<meta property=\"og:locale\" content=\"ca_ES\" \/>\n<meta property=\"og:type\" content=\"article\" \/>\n<meta property=\"og:title\" content=\"Pol\u00edtica de Cookies - ToBeIT\" \/>\n<meta property=\"og:description\" content=\"En aquesta p\u00e0gina pots consultar la Pol\u00edtica de Cookies de ToBeIT\" \/>\n<meta property=\"og:url\" content=\"https:\/\/tobeit.deideasmarketing.solutions\/ca\/politica-de-cookies\/\" \/>\n<meta property=\"og:site_name\" content=\"ToBeIT\" \/>\n<meta property=\"article:publisher\" content=\"https:\/\/www.facebook.com\/grupotobeit\" \/>\n<meta property=\"article:modified_time\" content=\"2025-07-30T07:30:32+00:00\" \/>\n<meta name=\"twitter:card\" content=\"summary_large_image\" \/>\n<meta name=\"twitter:label1\" content=\"Temps estimat de lectura\" \/>\n\t<meta name=\"twitter:data1\" content=\"7 minuts\" \/>\n<script type=\"application\/ld+json\" class=\"yoast-schema-graph\">{\"@context\":\"https:\/\/schema.org\",\"@graph\":[{\"@type\":\"WebPage\",\"@id\":\"https:\/\/tobeit.deideasmarketing.solutions\/ca\/politica-de-cookies\/\",\"url\":\"https:\/\/tobeit.deideasmarketing.solutions\/ca\/politica-de-cookies\/\",\"name\":\"Pol\u00edtica de Cookies - ToBeIT\",\"isPartOf\":{\"@id\":\"https:\/\/tobeit.deideasmarketing.solutions\/ca\/#website\"},\"datePublished\":\"2016-10-20T10:53:16+00:00\",\"dateModified\":\"2025-07-30T07:30:32+00:00\",\"description\":\"En aquesta p\u00e0gina pots consultar la Pol\u00edtica de Cookies de ToBeIT\",\"breadcrumb\":{\"@id\":\"https:\/\/tobeit.deideasmarketing.solutions\/ca\/politica-de-cookies\/#breadcrumb\"},\"inLanguage\":\"ca\",\"potentialAction\":[{\"@type\":\"ReadAction\",\"target\":[\"https:\/\/tobeit.deideasmarketing.solutions\/ca\/politica-de-cookies\/\"]}]},{\"@type\":\"BreadcrumbList\",\"@id\":\"https:\/\/tobeit.deideasmarketing.solutions\/ca\/politica-de-cookies\/#breadcrumb\",\"itemListElement\":[{\"@type\":\"ListItem\",\"position\":1,\"name\":\"Portada\",\"item\":\"https:\/\/tobeit.deideasmarketing.solutions\/ca\/\"},{\"@type\":\"ListItem\",\"position\":2,\"name\":\"Pol\u00edtica de Cookies\"}]},{\"@type\":\"WebSite\",\"@id\":\"https:\/\/tobeit.deideasmarketing.solutions\/ca\/#website\",\"url\":\"https:\/\/tobeit.deideasmarketing.solutions\/ca\/\",\"name\":\"ToBeIT\",\"description\":\"[:es]Servicios de monitorizaci\u00f3n del rendimiento de aplicaciones IT[:en]IT solutions, services and security[:ca]Solucions, serveis i seguretat IT[:]\",\"potentialAction\":[{\"@type\":\"SearchAction\",\"target\":{\"@type\":\"EntryPoint\",\"urlTemplate\":\"https:\/\/tobeit.deideasmarketing.solutions\/ca\/?s={search_term_string}\"},\"query-input\":{\"@type\":\"PropertyValueSpecification\",\"valueRequired\":true,\"valueName\":\"search_term_string\"}}],\"inLanguage\":\"ca\"}]}<\/script>\n<!-- \/ Yoast SEO plugin. -->","yoast_head_json":{"title":"Pol\u00edtica de Cookies - ToBeIT","description":"En aquesta p\u00e0gina pots consultar la Pol\u00edtica de Cookies de ToBeIT","robots":{"index":"noindex","follow":"follow"},"og_locale":"ca_ES","og_type":"article","og_title":"Pol\u00edtica de Cookies - ToBeIT","og_description":"En aquesta p\u00e0gina pots consultar la Pol\u00edtica de Cookies de ToBeIT","og_url":"https:\/\/tobeit.deideasmarketing.solutions\/ca\/politica-de-cookies\/","og_site_name":"ToBeIT","article_publisher":"https:\/\/www.facebook.com\/grupotobeit","article_modified_time":"2025-07-30T07:30:32+00:00","twitter_card":"summary_large_image","twitter_misc":{"Temps estimat de lectura":"7 minuts"},"schema":{"@context":"https:\/\/schema.org","@graph":[{"@type":"WebPage","@id":"https:\/\/tobeit.deideasmarketing.solutions\/ca\/politica-de-cookies\/","url":"https:\/\/tobeit.deideasmarketing.solutions\/ca\/politica-de-cookies\/","name":"Pol\u00edtica de Cookies - ToBeIT","isPartOf":{"@id":"https:\/\/tobeit.deideasmarketing.solutions\/ca\/#website"},"datePublished":"2016-10-20T10:53:16+00:00","dateModified":"2025-07-30T07:30:32+00:00","description":"En aquesta p\u00e0gina pots consultar la Pol\u00edtica de Cookies de ToBeIT","breadcrumb":{"@id":"https:\/\/tobeit.deideasmarketing.solutions\/ca\/politica-de-cookies\/#breadcrumb"},"inLanguage":"ca","potentialAction":[{"@type":"ReadAction","target":["https:\/\/tobeit.deideasmarketing.solutions\/ca\/politica-de-cookies\/"]}]},{"@type":"BreadcrumbList","@id":"https:\/\/tobeit.deideasmarketing.solutions\/ca\/politica-de-cookies\/#breadcrumb","itemListElement":[{"@type":"ListItem","position":1,"name":"Portada","item":"https:\/\/tobeit.deideasmarketing.solutions\/ca\/"},{"@type":"ListItem","position":2,"name":"Pol\u00edtica de Cookies"}]},{"@type":"WebSite","@id":"https:\/\/tobeit.deideasmarketing.solutions\/ca\/#website","url":"https:\/\/tobeit.deideasmarketing.solutions\/ca\/","name":"ToBeIT","description":"[:es]Servicios de monitorizaci\u00f3n del rendimiento de aplicaciones IT[:en]IT solutions, services and security[:ca]Solucions, serveis i seguretat IT[:]","potentialAction":[{"@type":"SearchAction","target":{"@type":"EntryPoint","urlTemplate":"https:\/\/tobeit.deideasmarketing.solutions\/ca\/?s={search_term_string}"},"query-input":{"@type":"PropertyValueSpecification","valueRequired":true,"valueName":"search_term_string"}}],"inLanguage":"ca"}]}},"_links":{"self":[{"href":"https:\/\/tobeit.deideasmarketing.solutions\/ca\/wp-json\/wp\/v2\/pages\/8275","targetHints":{"allow":["GET"]}}],"collection":[{"href":"https:\/\/tobeit.deideasmarketing.solutions\/ca\/wp-json\/wp\/v2\/pages"}],"about":[{"href":"https:\/\/tobeit.deideasmarketing.solutions\/ca\/wp-json\/wp\/v2\/types\/page"}],"author":[{"embeddable":true,"href":"https:\/\/tobeit.deideasmarketing.solutions\/ca\/wp-json\/wp\/v2\/users\/1"}],"replies":[{"embeddable":true,"href":"https:\/\/tobeit.deideasmarketing.solutions\/ca\/wp-json\/wp\/v2\/comments?post=8275"}],"version-history":[{"count":7,"href":"https:\/\/tobeit.deideasmarketing.solutions\/ca\/wp-json\/wp\/v2\/pages\/8275\/revisions"}],"predecessor-version":[{"id":8335,"href":"https:\/\/tobeit.deideasmarketing.solutions\/ca\/wp-json\/wp\/v2\/pages\/8275\/revisions\/8335"}],"wp:attachment":[{"href":"https:\/\/tobeit.deideasmarketing.solutions\/ca\/wp-json\/wp\/v2\/media?parent=8275"}],"curies":[{"name":"wp","href":"https:\/\/api.w.org\/{rel}","templated":true}]}}